{"id":7129,"date":"2023-03-09T12:05:29","date_gmt":"2023-03-09T11:05:29","guid":{"rendered":"https:\/\/ecm-diag.com\/?page_id=7129"},"modified":"2026-01-22T15:24:21","modified_gmt":"2026-01-22T14:24:21","slug":"tarifs","status":"publish","type":"page","link":"https:\/\/ecm-diag.com\/index.php\/tarifs\/","title":{"rendered":"Tarifs"},"content":{"rendered":"<section class=\"l-section wpb_row height_custom\"><div class=\"l-section-h i-cf\"><div class=\"g-cols vc_row via_grid cols_1 laptops-cols_inherit tablets-cols_inherit mobiles-cols_1 valign_top type_default stacking_default\"><div class=\"wpb_column vc_column_container\"><div class=\"vc_column-inner\"><div class=\"wpb_text_column\"><div class=\"wpb_wrapper\"><h2 style=\"font-size: 20px; text-align: center;\">Tarifs vente location<br \/>\n<span style=\"color: #c17a72; font-size: 35px;\">Diagnostics immobiliers<\/span><\/h2>\n<p style=\"text-align: center;\">DPE &#8211; Amiante &#8211; Plomb &#8211; Electricit\u00e9 &#8211; Gaz &#8211; Termites &#8211; Carrez<\/p>\n<h4 style=\"color: #d19c96;\">Appartement<\/h4>\n<table class=\"ciblage-du-tableau\">\n<tbody>\n<tr style=\"background: #CA7972;\">\n<td>Nombre<\/p>\n<p>de Diag<\/td>\n<td>T1<\/td>\n<td>T2<\/td>\n<td>T3<\/td>\n<td>T4<\/td>\n<td>T5<\/td>\n<\/tr>\n<tr>\n<td>1<\/td>\n<td>110\u20ac<\/td>\n<td>120\u20ac<\/td>\n<td>130\u20ac<\/td>\n<td>140\u20ac<\/td>\n<td>150\u20ac<\/td>\n<\/tr>\n<tr>\n<td>2<\/td>\n<td>140\u20ac<\/td>\n<td>170\u20ac<\/td>\n<td>200\u20ac<\/td>\n<td>230\u20ac<\/td>\n<td>265\u20ac<\/td>\n<\/tr>\n<tr>\n<td>3<\/td>\n<td>190\u20ac<\/td>\n<td>230\u20ac<\/td>\n<td>260\u20ac<\/td>\n<td>290\u20ac<\/td>\n<td>310\u20ac<\/td>\n<\/tr>\n<tr>\n<td>4<\/td>\n<td>230\u20ac<\/td>\n<td>270\u20ac<\/td>\n<td>290\u20ac<\/td>\n<td>320\u20ac<\/td>\n<td>350\u20ac<\/td>\n<\/tr>\n<tr>\n<td>5<\/td>\n<td>260\u20ac<\/td>\n<td>300\u20ac<\/td>\n<td>330\u20ac<\/td>\n<td>350\u20ac<\/td>\n<td>380\u20ac<\/td>\n<\/tr>\n<tr>\n<td>6<\/td>\n<td>280\u20ac<\/td>\n<td>310\u20ac<\/td>\n<td>350\u20ac<\/td>\n<td>370\u20ac<\/td>\n<td>390\u20ac<\/td>\n<\/tr>\n<tr>\n<td>7<\/td>\n<td>300\u20ac<\/td>\n<td>330\u20ac<\/td>\n<td>370\u20ac<\/td>\n<td>390\u20ac<\/td>\n<td>410\u20ac<\/td>\n<\/tr>\n<\/tbody>\n<\/table>\n<h4 style=\"color: #d19c96;\">Maison<\/h4>\n<table class=\"ciblage-du-tableau\">\n<tbody>\n<tr style=\"background: #CA7972;\">\n<td>Nombre<\/p>\n<p>de Diag<\/td>\n<td>&lt; 70m\u00b2<\/td>\n<td>71 \u00e0 100 m\u00b2<\/td>\n<td>101 \u00e0 130 m\u00b2<\/td>\n<td>131 \u00e0 180 m\u00b2<\/td>\n<td>181 \u00e0 250 m\u00b2<\/td>\n<\/tr>\n<tr>\n<td>1<\/td>\n<td>130\u20ac<\/td>\n<td>150\u20ac<\/td>\n<td>170\u20ac<\/td>\n<td>190\u20ac<\/td>\n<td>210\u20ac<\/td>\n<\/tr>\n<tr>\n<td>2<\/td>\n<td>190\u20ac<\/td>\n<td>230\u20ac<\/td>\n<td>260\u20ac<\/td>\n<td>280\u20ac<\/td>\n<td>290\u20ac<\/td>\n<\/tr>\n<tr>\n<td>3<\/td>\n<td>250\u20ac<\/td>\n<td>280\u20ac<\/td>\n<td>310\u20ac<\/td>\n<td>330\u20ac<\/td>\n<td>360\u20ac<\/td>\n<\/tr>\n<tr>\n<td>4<\/td>\n<td>290\u20ac<\/td>\n<td>310\u20ac<\/td>\n<td>330\u20ac<\/td>\n<td>360\u20ac<\/td>\n<td>390\u20ac<\/td>\n<\/tr>\n<tr>\n<td>5<\/td>\n<td>310\u20ac<\/td>\n<td>340\u20ac<\/td>\n<td>370\u20ac<\/td>\n<td>390\u20ac<\/td>\n<td>430\u20ac<\/td>\n<\/tr>\n<tr>\n<td>6<\/td>\n<td>340\u20ac<\/td>\n<td>360\u20ac<\/td>\n<td>390\u20ac<\/td>\n<td>420\u20ac<\/td>\n<td>475\u20ac<\/td>\n<\/tr>\n<tr>\n<td>7<\/td>\n<td>370\u20ac<\/td>\n<td>390\u20ac<\/td>\n<td>440\u20ac<\/td>\n<td>470\u20ac<\/td>\n<td>530\u20ac<\/td>\n<\/tr>\n<\/tbody>\n<\/table>\n<p>Audit Energ\u00e9tique r\u00e9glementaire avec r\u00e9alisation du DPE 720 euros<\/p>\n<p>Audit Energ\u00e9tique r\u00e9glementaire 650 euros<\/p>\n<p>Maison: surface &gt;250m2 habitable nous consulter<br \/>\nAppartement: &gt;T6 nous consulter<\/p>\n<p>Diagnostic Plomb: suppl\u00e9ment de 80 euros<\/p>\n<p>DTA, DAPP: nous consulter<br \/>\n*prix exprim\u00e9 en TTC<\/p>\n<\/div><\/div><div class=\"w-separator size_small\"><\/div><\/div><\/div><\/div><\/div><\/section><section class=\"l-section wpb_row us_custom_6df4bc3a has_text_color height_small with_img\"><div class=\"l-section-img\" data-img-width=\"1265\" data-img-height=\"513\" style=\"background-image: url(https:\/\/ecm-diag.com\/wp-content\/uploads\/2023\/03\/bloc-tel.png);background-repeat: no-repeat;background-size: contain;\"><\/div><div class=\"l-section-h i-cf\"><div class=\"g-cols vc_row via_grid cols_1 laptops-cols_inherit tablets-cols_inherit mobiles-cols_1 valign_top type_default stacking_default\"><div class=\"wpb_column vc_column_container\"><div class=\"vc_column-inner\"><div class=\"w-separator size_huge\"><\/div><div class=\"wpb_text_column\"><div class=\"wpb_wrapper\"><h3 style=\"text-align: center;\">Appelez-nous aujourd&rsquo;hui au 07.62.70.25.27<br \/>\n\u00e9crivez-nous \u00e0 contact@ecm-diag.com<\/h3>\n<p style=\"text-align: center;\">Vous cherchez un diagnostiqueur rigoureux<\/p>\n<\/div><\/div><div class=\"w-separator size_medium\"><\/div><div class=\"w-btn-wrapper align_center\"><a class=\"w-btn us-btn-style_4\" title=\"Diagnostic Loi Boutin\" href=\"https:\/\/ecm-diag.com\/index.php\/contact\/\"><span class=\"w-btn-label\">Contact<\/span><\/a><\/div><div class=\"w-separator size_huge\"><\/div><\/div><\/div><\/div><\/div><\/section><section class=\"l-section wpb_row height_custom\"><div class=\"l-section-h i-cf\"><div class=\"g-cols vc_row via_grid cols_1 laptops-cols_inherit tablets-cols_inherit mobiles-cols_1 valign_top type_default stacking_default\"><div class=\"wpb_column vc_column_container\"><div class=\"vc_column-inner\"><div class=\"w-separator size_medium\"><\/div><\/div><\/div><\/div><\/div><\/section>\n","protected":false},"excerpt":{"rendered":"Tarifs vente location Diagnostics immobiliers DPE &#8211; Amiante &#8211; Plomb &#8211; Electricit\u00e9 &#8211; Gaz &#8211; Termites &#8211; Carrez Appartement Nombre de Diag T1 T2 T3 T4 T5 1 110\u20ac 120\u20ac 130\u20ac 140\u20ac 150\u20ac 2 140\u20ac 170\u20ac 200\u20ac 230\u20ac 265\u20ac 3 190\u20ac 230\u20ac 260\u20ac 290\u20ac 310\u20ac 4 230\u20ac 270\u20ac 290\u20ac 320\u20ac 350\u20ac 5 260\u20ac 300\u20ac 330\u20ac...","protected":false},"author":1,"featured_media":0,"parent":0,"menu_order":0,"comment_status":"closed","ping_status":"closed","template":"","meta":{"footnotes":""},"class_list":["post-7129","page","type-page","status-publish","hentry"],"acf":[],"yoast_head":"<!-- This site is optimized with the Yoast SEO plugin v26.4 - https:\/\/yoast.com\/wordpress\/plugins\/seo\/ -->\n<title>Tarifs - ECM DIAG<\/title>\n<meta name=\"robots\" content=\"index, follow, max-snippet:-1, max-image-preview:large, max-video-preview:-1\" \/>\n<link rel=\"canonical\" href=\"https:\/\/ecm-diag.com\/index.php\/tarifs\/\" \/>\n<meta property=\"og:locale\" content=\"fr_FR\" \/>\n<meta property=\"og:type\" content=\"article\" \/>\n<meta property=\"og:title\" content=\"Tarifs - ECM DIAG\" \/>\n<meta property=\"og:url\" content=\"https:\/\/ecm-diag.com\/index.php\/tarifs\/\" \/>\n<meta property=\"og:site_name\" content=\"ECM DIAG\" \/>\n<meta property=\"article:modified_time\" content=\"2026-01-22T14:24:21+00:00\" \/>\n<meta name=\"twitter:card\" content=\"summary_large_image\" \/>\n<meta name=\"twitter:label1\" content=\"Dur\u00e9e de lecture estim\u00e9e\" \/>\n\t<meta name=\"twitter:data1\" content=\"2 minutes\" \/>\n<script type=\"application\/ld+json\" class=\"yoast-schema-graph\">{\"@context\":\"https:\/\/schema.org\",\"@graph\":[{\"@type\":\"WebPage\",\"@id\":\"https:\/\/ecm-diag.com\/index.php\/tarifs\/\",\"url\":\"https:\/\/ecm-diag.com\/index.php\/tarifs\/\",\"name\":\"Tarifs - ECM DIAG\",\"isPartOf\":{\"@id\":\"https:\/\/ecm-diag.com\/#website\"},\"datePublished\":\"2023-03-09T11:05:29+00:00\",\"dateModified\":\"2026-01-22T14:24:21+00:00\",\"breadcrumb\":{\"@id\":\"https:\/\/ecm-diag.com\/index.php\/tarifs\/#breadcrumb\"},\"inLanguage\":\"fr-FR\",\"potentialAction\":[{\"@type\":\"ReadAction\",\"target\":[\"https:\/\/ecm-diag.com\/index.php\/tarifs\/\"]}]},{\"@type\":\"BreadcrumbList\",\"@id\":\"https:\/\/ecm-diag.com\/index.php\/tarifs\/#breadcrumb\",\"itemListElement\":[{\"@type\":\"ListItem\",\"position\":1,\"name\":\"Accueil\",\"item\":\"https:\/\/ecm-diag.com\/\"},{\"@type\":\"ListItem\",\"position\":2,\"name\":\"Tarifs\"}]},{\"@type\":\"WebSite\",\"@id\":\"https:\/\/ecm-diag.com\/#website\",\"url\":\"https:\/\/ecm-diag.com\/\",\"name\":\"ECM DIAG\",\"description\":\"Diagnostics Immobiliers Marne la Vall\u00e9e\",\"potentialAction\":[{\"@type\":\"SearchAction\",\"target\":{\"@type\":\"EntryPoint\",\"urlTemplate\":\"https:\/\/ecm-diag.com\/?s={search_term_string}\"},\"query-input\":{\"@type\":\"PropertyValueSpecification\",\"valueRequired\":true,\"valueName\":\"search_term_string\"}}],\"inLanguage\":\"fr-FR\"}]}<\/script>\n<!-- \/ Yoast SEO plugin. -->","yoast_head_json":{"title":"Tarifs - ECM DIAG","robots":{"index":"index","follow":"follow","max-snippet":"max-snippet:-1","max-image-preview":"max-image-preview:large","max-video-preview":"max-video-preview:-1"},"canonical":"https:\/\/ecm-diag.com\/index.php\/tarifs\/","og_locale":"fr_FR","og_type":"article","og_title":"Tarifs - ECM DIAG","og_url":"https:\/\/ecm-diag.com\/index.php\/tarifs\/","og_site_name":"ECM DIAG","article_modified_time":"2026-01-22T14:24:21+00:00","twitter_card":"summary_large_image","twitter_misc":{"Dur\u00e9e de lecture estim\u00e9e":"2 minutes"},"schema":{"@context":"https:\/\/schema.org","@graph":[{"@type":"WebPage","@id":"https:\/\/ecm-diag.com\/index.php\/tarifs\/","url":"https:\/\/ecm-diag.com\/index.php\/tarifs\/","name":"Tarifs - ECM DIAG","isPartOf":{"@id":"https:\/\/ecm-diag.com\/#website"},"datePublished":"2023-03-09T11:05:29+00:00","dateModified":"2026-01-22T14:24:21+00:00","breadcrumb":{"@id":"https:\/\/ecm-diag.com\/index.php\/tarifs\/#breadcrumb"},"inLanguage":"fr-FR","potentialAction":[{"@type":"ReadAction","target":["https:\/\/ecm-diag.com\/index.php\/tarifs\/"]}]},{"@type":"BreadcrumbList","@id":"https:\/\/ecm-diag.com\/index.php\/tarifs\/#breadcrumb","itemListElement":[{"@type":"ListItem","position":1,"name":"Accueil","item":"https:\/\/ecm-diag.com\/"},{"@type":"ListItem","position":2,"name":"Tarifs"}]},{"@type":"WebSite","@id":"https:\/\/ecm-diag.com\/#website","url":"https:\/\/ecm-diag.com\/","name":"ECM DIAG","description":"Diagnostics Immobiliers Marne la Vall\u00e9e","potentialAction":[{"@type":"SearchAction","target":{"@type":"EntryPoint","urlTemplate":"https:\/\/ecm-diag.com\/?s={search_term_string}"},"query-input":{"@type":"PropertyValueSpecification","valueRequired":true,"valueName":"search_term_string"}}],"inLanguage":"fr-FR"}]}},"jetpack_sharing_enabled":true,"_links":{"self":[{"href":"https:\/\/ecm-diag.com\/index.php\/wp-json\/wp\/v2\/pages\/7129","targetHints":{"allow":["GET"]}}],"collection":[{"href":"https:\/\/ecm-diag.com\/index.php\/wp-json\/wp\/v2\/pages"}],"about":[{"href":"https:\/\/ecm-diag.com\/index.php\/wp-json\/wp\/v2\/types\/page"}],"author":[{"embeddable":true,"href":"https:\/\/ecm-diag.com\/index.php\/wp-json\/wp\/v2\/users\/1"}],"replies":[{"embeddable":true,"href":"https:\/\/ecm-diag.com\/index.php\/wp-json\/wp\/v2\/comments?post=7129"}],"version-history":[{"count":20,"href":"https:\/\/ecm-diag.com\/index.php\/wp-json\/wp\/v2\/pages\/7129\/revisions"}],"predecessor-version":[{"id":7528,"href":"https:\/\/ecm-diag.com\/index.php\/wp-json\/wp\/v2\/pages\/7129\/revisions\/7528"}],"wp:attachment":[{"href":"https:\/\/ecm-diag.com\/index.php\/wp-json\/wp\/v2\/media?parent=7129"}],"curies":[{"name":"wp","href":"https:\/\/api.w.org\/{rel}","templated":true}]}}