{"id":7206,"date":"2023-03-09T14:02:39","date_gmt":"2023-03-09T13:02:39","guid":{"rendered":"https:\/\/ecm-diag.com\/?page_id=7206"},"modified":"2023-04-13T12:03:51","modified_gmt":"2023-04-13T10:03:51","slug":"diagnostic-amiante","status":"publish","type":"page","link":"https:\/\/ecm-diag.com\/index.php\/diagnostics\/diagnostic-amiante\/","title":{"rendered":"Diagnostic Amiante"},"content":{"rendered":"<section class=\"l-section wpb_row height_small\"><div class=\"l-section-h i-cf\"><div class=\"g-cols vc_row via_grid cols_2-1 laptops-cols_inherit tablets-cols_inherit mobiles-cols_1 valign_top type_default stacking_default\"><div class=\"wpb_column vc_column_container us_custom_f85fc1e7 has_bg_color\"><div class=\"vc_column-inner\"><div class=\"w-btn-wrapper align_left\"><a class=\"w-btn us-btn-style_2\" href=\"#\"><span class=\"w-btn-label\">Diagnostic<\/span><\/a><\/div><div class=\"w-separator size_small\"><\/div><div class=\"wpb_text_column\"><div class=\"wpb_wrapper\"><h2>Diagnostic Amiante<\/h2>\n<p><strong>Dur\u00e9e d&rsquo;intervention : 1 heure<\/strong><br \/>\n<strong>A partir de 110 \u20ac<\/strong><\/p>\n<\/div><\/div><div class=\"w-separator size_small\"><\/div><div class=\"w-btn-wrapper align_left\"><a class=\"w-btn us-btn-style_26\" href=\"https:\/\/ecm-diag.com\/index.php\/devis\/\"><span class=\"w-btn-label\">Demande d&rsquo;intervention<\/span><\/a><\/div><\/div><\/div><div class=\"wpb_column vc_column_container us_custom_8c76880f\"><div class=\"vc_column-inner\"><div class=\"w-image us_custom_8c76880f align_none\"><div class=\"w-image-h\"><img loading=\"lazy\" decoding=\"async\" width=\"379\" height=\"331\" src=\"https:\/\/ecm-diag.com\/wp-content\/uploads\/2023\/03\/amainte.png\" class=\"attachment-large size-large\" alt=\"\" srcset=\"https:\/\/ecm-diag.com\/wp-content\/uploads\/2023\/03\/amainte.png 379w, https:\/\/ecm-diag.com\/wp-content\/uploads\/2023\/03\/amainte-300x262.png 300w\" sizes=\"auto, (max-width: 379px) 100vw, 379px\" \/><\/div><\/div><\/div><\/div><\/div><\/div><\/section><section class=\"l-section wpb_row height_small\"><div class=\"l-section-h i-cf\"><div class=\"g-cols vc_row via_grid cols_1 laptops-cols_inherit tablets-cols_inherit mobiles-cols_1 valign_top type_default stacking_default\"><div class=\"wpb_column vc_column_container\"><div class=\"vc_column-inner\"><div class=\"wpb_text_column\"><div class=\"wpb_wrapper\"><h3>Le diagnostic amiante est un document qui renseigne sur la pr\u00e9sence ou non d\u2019amiante dans votre logement.<\/h3>\n<p>Il doit faire partie de votre dossier de diagnostic technique (DDT)<\/p>\n<p>Le DDT doit \u00eatre pr\u00e9sent\u00e9 au locataire ou aux acqu\u00e9reurs de votre logement.<\/p>\n<\/div><\/div><div class=\"w-separator size_small\"><\/div><div class=\"w-tabs style_default switch_click accordion has_scrolling\" style=\"--sections-title-size:inherit\"><div class=\"w-tabs-sections titles-align_none icon_chevron cpos_right\"><div class=\"w-tabs-section\" id=\"s1ec\"><button class=\"w-tabs-section-header\" aria-controls=\"content-s1ec\" aria-expanded=\"false\"><div class=\"w-tabs-section-title\">Obligatoire ?<\/div><div class=\"w-tabs-section-control\"><\/div><\/button><div  class=\"w-tabs-section-content\" id=\"content-s1ec\"><div class=\"w-tabs-section-content-h i-cf\"><div class=\"wpb_text_column\"><div class=\"wpb_wrapper\"><p>Le diagnostic Amiante est obligatoire pour les logements dont les permis de construire ont \u00e9t\u00e9 d\u00e9livr\u00e9 avant juillet 1997.<\/p>\n<p>Il est obligatoire pour les caves, grange, garage, parking ou box.<\/p>\n<\/div><\/div><\/div><\/div><\/div><div class=\"w-tabs-section\" id=\"i366\"><button class=\"w-tabs-section-header\" aria-controls=\"content-i366\" aria-expanded=\"false\"><div class=\"w-tabs-section-title\">Prix ?<\/div><div class=\"w-tabs-section-control\"><\/div><\/button><div  class=\"w-tabs-section-content\" id=\"content-i366\"><div class=\"w-tabs-section-content-h i-cf\"><div class=\"wpb_text_column\"><div class=\"wpb_wrapper\"><p>Le prix du diagnostic amiante varie entre 80 et 140 euros.<\/p>\n<p>Cela va d\u00e9pendre de la localisation, de la surface et du professionnel.<\/p>\n<\/div><\/div><\/div><\/div><\/div><div class=\"w-tabs-section\" id=\"b4b1\"><button class=\"w-tabs-section-header\" aria-controls=\"content-b4b1\" aria-expanded=\"false\"><div class=\"w-tabs-section-title\">Validit\u00e9 ?<\/div><div class=\"w-tabs-section-control\"><\/div><\/button><div  class=\"w-tabs-section-content\" id=\"content-b4b1\"><div class=\"w-tabs-section-content-h i-cf\"><div class=\"wpb_text_column\"><div class=\"wpb_wrapper\"><p>ABSENCE AMIANTE<\/p>\n<p>Si votre diagnostic a \u00e9t\u00e9 r\u00e9alis\u00e9 avant le 01\/04\/2013<\/p>\n<ul>\n<li>Un nouveau diagnostic doit \u00eatre r\u00e9alis\u00e9<\/li>\n<\/ul>\n<p>Si votre diagnostic a \u00e9t\u00e9 r\u00e9alis\u00e9 apr\u00e8s 01\/04\/2013<\/p>\n<ul>\n<li>Votre diagnostic \u00e0 une dur\u00e9e de validit\u00e9 illimit\u00e9<\/li>\n<\/ul>\n<p>Attention si vous avez r\u00e9alis\u00e9 des travaux de r\u00e9novation, il est alors conseill\u00e9 de r\u00e9aliser un nouveau diagnostic.<\/p>\n<\/div><\/div><\/div><\/div><\/div><div class=\"w-tabs-section\" id=\"k610\"><button class=\"w-tabs-section-header\" aria-controls=\"content-k610\" aria-expanded=\"false\"><div class=\"w-tabs-section-title\">Pr\u00e9sence d\u2019amiante ?<\/div><div class=\"w-tabs-section-control\"><\/div><\/button><div  class=\"w-tabs-section-content\" id=\"content-k610\"><div class=\"w-tabs-section-content-h i-cf\"><div class=\"wpb_text_column\"><div class=\"wpb_wrapper\"><p>Validit\u00e9 3 ans.<\/p>\n<p>Si l\u2019amiante est en bon \u00e9tat de conservation, une \u00e9valuation p\u00e9riodique des mat\u00e9riaux ou produits sera demand\u00e9 au propri\u00e9taire pour suivre l\u2019\u00e9volution de conservation.<\/p>\n<p>Si l\u2019amiante est en moyenne \u00e9tat de conservation, le propri\u00e9taire pourra \u00eatre amen\u00e9 \u00e0 faire r\u00e9aliser une mesure d\u2019empoussi\u00e8rement dans l\u2019air ou mener une action corrective de premier niveau.<\/p>\n<p>Si pr\u00e9sence d\u2019amiante en mauvais \u00e9tat, des travaux de retrait ou de confinement des produits ou mat\u00e9riaux seront \u00e0 r\u00e9aliser.<\/p>\n<\/div><\/div><\/div><\/div><\/div><\/div><\/div><div class=\"w-separator size_small\"><\/div><div class=\"wpb_text_column\"><div class=\"wpb_wrapper\"><p><strong>Diagnostic Amiante Avant Travaux (DAAT)<\/strong><\/p>\n<p>Ce diagnostic concerne tous les b\u00e2timents dont la date du permis de construire a \u00e9t\u00e9 d\u00e9livr\u00e9 avant le 01 juillet 1997. Il est obligatoire pour toute r\u00e9alisation de travaux sur le b\u00e2timent.<\/p>\n<p>Il a pour objectif d\u2019identifier la pr\u00e9sence d\u2019amiante et les risques sanitaires pour les salari\u00e9s et intervenants pouvant inhaler des fibres d\u2019amiante dans le but de les prot\u00e9ger.<\/p>\n<\/div><\/div><div class=\"w-separator size_small\"><\/div><\/div><\/div><\/div><\/div><\/section><section class=\"l-section wpb_row us_custom_6df4bc3a has_text_color height_auto with_img\"><div class=\"l-section-img\" data-img-width=\"1265\" data-img-height=\"513\" style=\"background-image: url(https:\/\/ecm-diag.com\/wp-content\/uploads\/2023\/03\/bloc-tel.png);background-repeat: no-repeat;background-size: contain;\"><\/div><div class=\"l-section-h i-cf\"><div class=\"g-cols vc_row via_grid cols_1 laptops-cols_inherit tablets-cols_inherit mobiles-cols_1 valign_top type_default stacking_default\"><div class=\"wpb_column vc_column_container\"><div class=\"vc_column-inner\"><div class=\"w-separator size_huge\"><\/div><div class=\"wpb_text_column\"><div class=\"wpb_wrapper\"><h3 style=\"text-align: center;\">Appelez-nous aujourd&rsquo;hui au 07.62.70.25.27<br \/>\n\u00e9crivez-nous \u00e0 contact@ecm-diag.com<\/h3>\n<p style=\"text-align: center;\">Vous cherchez un diagnostiqueur rigoureux<\/p>\n<\/div><\/div><div class=\"w-separator size_medium\"><\/div><div class=\"w-btn-wrapper align_center\"><a class=\"w-btn us-btn-style_4\" title=\"Diagnostic Loi Boutin\" href=\"https:\/\/ecm-diag.com\/index.php\/contact\/\"><span class=\"w-btn-label\">Contact<\/span><\/a><\/div><div class=\"w-separator size_huge\"><\/div><\/div><\/div><\/div><\/div><\/section><section class=\"l-section wpb_row height_custom\"><div class=\"l-section-h i-cf\"><div class=\"g-cols vc_row via_grid cols_1 laptops-cols_inherit tablets-cols_inherit mobiles-cols_1 valign_top type_default stacking_default\"><div class=\"wpb_column vc_column_container\"><div class=\"vc_column-inner\"><div class=\"w-separator size_small\"><\/div><\/div><\/div><\/div><\/div><\/section>\n","protected":false},"excerpt":{"rendered":"DiagnosticDiagnostic Amiante Dur\u00e9e d&rsquo;intervention : 1 heure A partir de 110 \u20ac Demande d&rsquo;interventionLe diagnostic amiante est un document qui renseigne sur la pr\u00e9sence ou non d\u2019amiante dans votre logement. Il doit faire partie de votre dossier de diagnostic technique (DDT) Le DDT doit \u00eatre pr\u00e9sent\u00e9 au locataire ou aux acqu\u00e9reurs de votre logement. Obligatoire...","protected":false},"author":1,"featured_media":0,"parent":7086,"menu_order":0,"comment_status":"closed","ping_status":"closed","template":"","meta":{"footnotes":""},"class_list":["post-7206","page","type-page","status-publish","hentry"],"acf":[],"yoast_head":"<!-- This site is optimized with the Yoast SEO plugin v26.4 - https:\/\/yoast.com\/wordpress\/plugins\/seo\/ -->\n<title>Diagnostic Amiante - ECM DIAG<\/title>\n<meta name=\"description\" content=\"Obtenez un diagnostic amiante fiable et rapide pour votre bien immobilier avec nos experts en diagnostics. Notre \u00e9quipe de professionnels qualifi\u00e9s vous accompagne dans toutes les \u00e9tapes du processus pour vous assurer une s\u00e9curit\u00e9 maximale. Contactez-nous d\u00e8s maintenant pour obtenir un devis personnalis\u00e9 et prot\u00e9gez-vous ainsi que votre famille contre les dangers de l&#039;amiante.\" \/>\n<meta name=\"robots\" content=\"index, follow, max-snippet:-1, max-image-preview:large, max-video-preview:-1\" \/>\n<link rel=\"canonical\" href=\"https:\/\/ecm-diag.com\/index.php\/diagnostics\/diagnostic-amiante\/\" \/>\n<meta property=\"og:locale\" content=\"fr_FR\" \/>\n<meta property=\"og:type\" content=\"article\" \/>\n<meta property=\"og:title\" content=\"Diagnostic Amiante - ECM DIAG\" \/>\n<meta property=\"og:description\" content=\"Obtenez un diagnostic amiante fiable et rapide pour votre bien immobilier avec nos experts en diagnostics. Notre \u00e9quipe de professionnels qualifi\u00e9s vous accompagne dans toutes les \u00e9tapes du processus pour vous assurer une s\u00e9curit\u00e9 maximale. Contactez-nous d\u00e8s maintenant pour obtenir un devis personnalis\u00e9 et prot\u00e9gez-vous ainsi que votre famille contre les dangers de l&#039;amiante.\" \/>\n<meta property=\"og:url\" content=\"https:\/\/ecm-diag.com\/index.php\/diagnostics\/diagnostic-amiante\/\" \/>\n<meta property=\"og:site_name\" content=\"ECM DIAG\" \/>\n<meta property=\"article:modified_time\" content=\"2023-04-13T10:03:51+00:00\" \/>\n<meta name=\"twitter:card\" content=\"summary_large_image\" \/>\n<meta name=\"twitter:label1\" content=\"Dur\u00e9e de lecture estim\u00e9e\" \/>\n\t<meta name=\"twitter:data1\" content=\"2 minutes\" \/>\n<script type=\"application\/ld+json\" class=\"yoast-schema-graph\">{\"@context\":\"https:\/\/schema.org\",\"@graph\":[{\"@type\":\"WebPage\",\"@id\":\"https:\/\/ecm-diag.com\/index.php\/diagnostics\/diagnostic-amiante\/\",\"url\":\"https:\/\/ecm-diag.com\/index.php\/diagnostics\/diagnostic-amiante\/\",\"name\":\"Diagnostic Amiante - ECM DIAG\",\"isPartOf\":{\"@id\":\"https:\/\/ecm-diag.com\/#website\"},\"datePublished\":\"2023-03-09T13:02:39+00:00\",\"dateModified\":\"2023-04-13T10:03:51+00:00\",\"description\":\"Obtenez un diagnostic amiante fiable et rapide pour votre bien immobilier avec nos experts en diagnostics. Notre \u00e9quipe de professionnels qualifi\u00e9s vous accompagne dans toutes les \u00e9tapes du processus pour vous assurer une s\u00e9curit\u00e9 maximale. Contactez-nous d\u00e8s maintenant pour obtenir un devis personnalis\u00e9 et prot\u00e9gez-vous ainsi que votre famille contre les dangers de l'amiante.\",\"breadcrumb\":{\"@id\":\"https:\/\/ecm-diag.com\/index.php\/diagnostics\/diagnostic-amiante\/#breadcrumb\"},\"inLanguage\":\"fr-FR\",\"potentialAction\":[{\"@type\":\"ReadAction\",\"target\":[\"https:\/\/ecm-diag.com\/index.php\/diagnostics\/diagnostic-amiante\/\"]}]},{\"@type\":\"BreadcrumbList\",\"@id\":\"https:\/\/ecm-diag.com\/index.php\/diagnostics\/diagnostic-amiante\/#breadcrumb\",\"itemListElement\":[{\"@type\":\"ListItem\",\"position\":1,\"name\":\"Accueil\",\"item\":\"https:\/\/ecm-diag.com\/\"},{\"@type\":\"ListItem\",\"position\":2,\"name\":\"Diagnostics\",\"item\":\"https:\/\/ecm-diag.com\/index.php\/diagnostics\/\"},{\"@type\":\"ListItem\",\"position\":3,\"name\":\"Diagnostic Amiante\"}]},{\"@type\":\"WebSite\",\"@id\":\"https:\/\/ecm-diag.com\/#website\",\"url\":\"https:\/\/ecm-diag.com\/\",\"name\":\"ECM DIAG\",\"description\":\"Diagnostics Immobiliers Marne la Vall\u00e9e\",\"potentialAction\":[{\"@type\":\"SearchAction\",\"target\":{\"@type\":\"EntryPoint\",\"urlTemplate\":\"https:\/\/ecm-diag.com\/?s={search_term_string}\"},\"query-input\":{\"@type\":\"PropertyValueSpecification\",\"valueRequired\":true,\"valueName\":\"search_term_string\"}}],\"inLanguage\":\"fr-FR\"}]}<\/script>\n<!-- \/ Yoast SEO plugin. -->","yoast_head_json":{"title":"Diagnostic Amiante - ECM DIAG","description":"Obtenez un diagnostic amiante fiable et rapide pour votre bien immobilier avec nos experts en diagnostics. Notre \u00e9quipe de professionnels qualifi\u00e9s vous accompagne dans toutes les \u00e9tapes du processus pour vous assurer une s\u00e9curit\u00e9 maximale. Contactez-nous d\u00e8s maintenant pour obtenir un devis personnalis\u00e9 et prot\u00e9gez-vous ainsi que votre famille contre les dangers de l'amiante.","robots":{"index":"index","follow":"follow","max-snippet":"max-snippet:-1","max-image-preview":"max-image-preview:large","max-video-preview":"max-video-preview:-1"},"canonical":"https:\/\/ecm-diag.com\/index.php\/diagnostics\/diagnostic-amiante\/","og_locale":"fr_FR","og_type":"article","og_title":"Diagnostic Amiante - ECM DIAG","og_description":"Obtenez un diagnostic amiante fiable et rapide pour votre bien immobilier avec nos experts en diagnostics. Notre \u00e9quipe de professionnels qualifi\u00e9s vous accompagne dans toutes les \u00e9tapes du processus pour vous assurer une s\u00e9curit\u00e9 maximale. Contactez-nous d\u00e8s maintenant pour obtenir un devis personnalis\u00e9 et prot\u00e9gez-vous ainsi que votre famille contre les dangers de l'amiante.","og_url":"https:\/\/ecm-diag.com\/index.php\/diagnostics\/diagnostic-amiante\/","og_site_name":"ECM DIAG","article_modified_time":"2023-04-13T10:03:51+00:00","twitter_card":"summary_large_image","twitter_misc":{"Dur\u00e9e de lecture estim\u00e9e":"2 minutes"},"schema":{"@context":"https:\/\/schema.org","@graph":[{"@type":"WebPage","@id":"https:\/\/ecm-diag.com\/index.php\/diagnostics\/diagnostic-amiante\/","url":"https:\/\/ecm-diag.com\/index.php\/diagnostics\/diagnostic-amiante\/","name":"Diagnostic Amiante - ECM DIAG","isPartOf":{"@id":"https:\/\/ecm-diag.com\/#website"},"datePublished":"2023-03-09T13:02:39+00:00","dateModified":"2023-04-13T10:03:51+00:00","description":"Obtenez un diagnostic amiante fiable et rapide pour votre bien immobilier avec nos experts en diagnostics. Notre \u00e9quipe de professionnels qualifi\u00e9s vous accompagne dans toutes les \u00e9tapes du processus pour vous assurer une s\u00e9curit\u00e9 maximale. Contactez-nous d\u00e8s maintenant pour obtenir un devis personnalis\u00e9 et prot\u00e9gez-vous ainsi que votre famille contre les dangers de l'amiante.","breadcrumb":{"@id":"https:\/\/ecm-diag.com\/index.php\/diagnostics\/diagnostic-amiante\/#breadcrumb"},"inLanguage":"fr-FR","potentialAction":[{"@type":"ReadAction","target":["https:\/\/ecm-diag.com\/index.php\/diagnostics\/diagnostic-amiante\/"]}]},{"@type":"BreadcrumbList","@id":"https:\/\/ecm-diag.com\/index.php\/diagnostics\/diagnostic-amiante\/#breadcrumb","itemListElement":[{"@type":"ListItem","position":1,"name":"Accueil","item":"https:\/\/ecm-diag.com\/"},{"@type":"ListItem","position":2,"name":"Diagnostics","item":"https:\/\/ecm-diag.com\/index.php\/diagnostics\/"},{"@type":"ListItem","position":3,"name":"Diagnostic Amiante"}]},{"@type":"WebSite","@id":"https:\/\/ecm-diag.com\/#website","url":"https:\/\/ecm-diag.com\/","name":"ECM DIAG","description":"Diagnostics Immobiliers Marne la Vall\u00e9e","potentialAction":[{"@type":"SearchAction","target":{"@type":"EntryPoint","urlTemplate":"https:\/\/ecm-diag.com\/?s={search_term_string}"},"query-input":{"@type":"PropertyValueSpecification","valueRequired":true,"valueName":"search_term_string"}}],"inLanguage":"fr-FR"}]}},"jetpack_sharing_enabled":true,"_links":{"self":[{"href":"https:\/\/ecm-diag.com\/index.php\/wp-json\/wp\/v2\/pages\/7206","targetHints":{"allow":["GET"]}}],"collection":[{"href":"https:\/\/ecm-diag.com\/index.php\/wp-json\/wp\/v2\/pages"}],"about":[{"href":"https:\/\/ecm-diag.com\/index.php\/wp-json\/wp\/v2\/types\/page"}],"author":[{"embeddable":true,"href":"https:\/\/ecm-diag.com\/index.php\/wp-json\/wp\/v2\/users\/1"}],"replies":[{"embeddable":true,"href":"https:\/\/ecm-diag.com\/index.php\/wp-json\/wp\/v2\/comments?post=7206"}],"version-history":[{"count":18,"href":"https:\/\/ecm-diag.com\/index.php\/wp-json\/wp\/v2\/pages\/7206\/revisions"}],"predecessor-version":[{"id":7435,"href":"https:\/\/ecm-diag.com\/index.php\/wp-json\/wp\/v2\/pages\/7206\/revisions\/7435"}],"up":[{"embeddable":true,"href":"https:\/\/ecm-diag.com\/index.php\/wp-json\/wp\/v2\/pages\/7086"}],"wp:attachment":[{"href":"https:\/\/ecm-diag.com\/index.php\/wp-json\/wp\/v2\/media?parent=7206"}],"curies":[{"name":"wp","href":"https:\/\/api.w.org\/{rel}","templated":true}]}}