{"id":7210,"date":"2023-03-09T14:03:00","date_gmt":"2023-03-09T13:03:00","guid":{"rendered":"https:\/\/ecm-diag.com\/?page_id=7210"},"modified":"2023-04-12T22:27:54","modified_gmt":"2023-04-12T20:27:54","slug":"diagnostic-plomb","status":"publish","type":"page","link":"https:\/\/ecm-diag.com\/index.php\/diagnostics\/diagnostic-plomb\/","title":{"rendered":"Diagnostic Plomb"},"content":{"rendered":"<section class=\"l-section wpb_row height_small\"><div class=\"l-section-h i-cf\"><div class=\"g-cols vc_row via_grid cols_2-1 laptops-cols_inherit tablets-cols_inherit mobiles-cols_1 valign_top type_default stacking_default\"><div class=\"wpb_column vc_column_container us_custom_f85fc1e7 has_bg_color\"><div class=\"vc_column-inner\"><div class=\"w-btn-wrapper align_left\"><a class=\"w-btn us-btn-style_2\" href=\"#\"><span class=\"w-btn-label\">Diagnostic<\/span><\/a><\/div><div class=\"w-separator size_small\"><\/div><div class=\"wpb_text_column\"><div class=\"wpb_wrapper\"><h2>Diagnostic Plomb<\/h2>\n<p><strong>Dur\u00e9e d&rsquo;intervention : 1 heure<br \/>\nA partir de 110 \u20ac<br \/>\n<\/strong><\/p>\n<\/div><\/div><div class=\"w-separator size_small\"><\/div><div class=\"w-btn-wrapper align_left\"><a class=\"w-btn us-btn-style_26\" href=\"https:\/\/ecm-diag.com\/index.php\/devis\/\"><span class=\"w-btn-label\">Demande d&rsquo;intervention<\/span><\/a><\/div><\/div><\/div><div class=\"wpb_column vc_column_container us_custom_8c76880f\"><div class=\"vc_column-inner\"><div class=\"w-image us_custom_8c76880f align_none\"><div class=\"w-image-h\"><img loading=\"lazy\" decoding=\"async\" width=\"1024\" height=\"1024\" src=\"https:\/\/ecm-diag.com\/wp-content\/uploads\/2023\/04\/plomb-image-1024x1024.png\" class=\"attachment-large size-large\" alt=\"\" srcset=\"https:\/\/ecm-diag.com\/wp-content\/uploads\/2023\/04\/plomb-image-1024x1024.png 1024w, https:\/\/ecm-diag.com\/wp-content\/uploads\/2023\/04\/plomb-image-300x300.png 300w, https:\/\/ecm-diag.com\/wp-content\/uploads\/2023\/04\/plomb-image-150x150.png 150w, https:\/\/ecm-diag.com\/wp-content\/uploads\/2023\/04\/plomb-image-600x600.png 600w, https:\/\/ecm-diag.com\/wp-content\/uploads\/2023\/04\/plomb-image.png 1400w\" sizes=\"auto, (max-width: 1024px) 100vw, 1024px\" \/><\/div><\/div><\/div><\/div><\/div><\/div><\/section><section class=\"l-section wpb_row height_small\"><div class=\"l-section-h i-cf\"><div class=\"g-cols vc_row via_grid cols_1 laptops-cols_inherit tablets-cols_inherit mobiles-cols_1 valign_top type_default stacking_default\"><div class=\"wpb_column vc_column_container\"><div class=\"vc_column-inner\"><div class=\"wpb_text_column\"><div class=\"wpb_wrapper\"><h3>Diagnostic Plomb, constat de risque d\u2019exposition au plomb (CREP)<\/h3>\n<p>Le diagnostic plomb est un document qui renseigne sur la pr\u00e9sence de plomb dans votre logement.<\/p>\n<p>Il doit faire partie de votre dossier de diagnostic technique (DDT)<\/p>\n<p>Le DDT doit \u00eatre pr\u00e9sent\u00e9 au locataire ou aux acqu\u00e9reurs de votre logement.<\/p>\n<\/div><\/div><div class=\"w-separator size_small\"><\/div><div class=\"w-tabs style_default switch_click accordion has_scrolling\" style=\"--sections-title-size:inherit\"><div class=\"w-tabs-sections titles-align_none icon_chevron cpos_right\"><div class=\"w-tabs-section\" id=\"c3fe\"><button class=\"w-tabs-section-header\" aria-controls=\"content-c3fe\" aria-expanded=\"false\"><div class=\"w-tabs-section-title\">Obligatoire<\/div><div class=\"w-tabs-section-control\"><\/div><\/button><div  class=\"w-tabs-section-content\" id=\"content-c3fe\"><div class=\"w-tabs-section-content-h i-cf\"><div class=\"wpb_text_column\"><div class=\"wpb_wrapper\"><p>Ce diagnostic est obligatoire depuis 1998 si votre logement a \u00e9t\u00e9 construit avant 1949.<\/p>\n<p>Il est \u00e9galement obligatoire pour les parties communes de l\u2019immeuble construit avant le 01 janvier 1949.<\/p>\n<p>Il n\u2019est pas obligatoire cependant pour une cave, une grange, un garage ou un box.<\/p>\n<\/div><\/div><\/div><\/div><\/div><div class=\"w-tabs-section\" id=\"y4c9\"><button class=\"w-tabs-section-header\" aria-controls=\"content-y4c9\" aria-expanded=\"false\"><div class=\"w-tabs-section-title\">Prix ?<\/div><div class=\"w-tabs-section-control\"><\/div><\/button><div  class=\"w-tabs-section-content\" id=\"content-y4c9\"><div class=\"w-tabs-section-content-h i-cf\"><div class=\"wpb_text_column\"><div class=\"wpb_wrapper\"><p>Le prix d\u2019un constat de risque d\u2019exposition au plomb se situe entre 100 et 250 euros. Cela va d\u00e9pendre de la surface de l\u2019habitation, de la localisation, du professionnel.<\/p>\n<\/div><\/div><\/div><\/div><\/div><div class=\"w-tabs-section\" id=\"x59d\"><button class=\"w-tabs-section-header\" aria-controls=\"content-x59d\" aria-expanded=\"false\"><div class=\"w-tabs-section-title\">Validit\u00e9<\/div><div class=\"w-tabs-section-control\"><\/div><\/button><div  class=\"w-tabs-section-content\" id=\"content-x59d\"><div class=\"w-tabs-section-content-h i-cf\"><div class=\"wpb_text_column\"><div class=\"wpb_wrapper\"><ul>\n<li>Si pr\u00e9sence de plomb sup\u00e9rieur \u00e0 un taux de 1mg\/cm2<\/li>\n<\/ul>\n<p>Valable 1an<\/p>\n<ul>\n<li>Si absence de plomb<\/li>\n<\/ul>\n<p>Illimit\u00e9e<\/p>\n<\/div><\/div><\/div><\/div><\/div><div class=\"w-tabs-section\" id=\"b657\"><button class=\"w-tabs-section-header\" aria-controls=\"content-b657\" aria-expanded=\"false\"><div class=\"w-tabs-section-title\">Diagnostic plomb avant travaux<\/div><div class=\"w-tabs-section-control\"><\/div><\/button><div  class=\"w-tabs-section-content\" id=\"content-b657\"><div class=\"w-tabs-section-content-h i-cf\"><div class=\"wpb_text_column\"><div class=\"wpb_wrapper\"><p>Le diagnostic plomb avant travaux est obligatoire quelle que soit la date du permis de construire du b\u00e2timent.<\/p>\n<p>L\u2019objectif est de rep\u00e9rer sa pr\u00e9sence et d\u2019en mesurer sa concentration.<\/p>\n<\/div><\/div><\/div><\/div><\/div><\/div><\/div><div class=\"w-separator size_small\"><\/div><\/div><\/div><\/div><\/div><\/section><section class=\"l-section wpb_row us_custom_6df4bc3a has_text_color height_auto with_img\"><div class=\"l-section-img\" data-img-width=\"1265\" data-img-height=\"513\" style=\"background-image: url(https:\/\/ecm-diag.com\/wp-content\/uploads\/2023\/03\/bloc-tel.png);background-repeat: no-repeat;background-size: contain;\"><\/div><div class=\"l-section-h i-cf\"><div class=\"g-cols vc_row via_grid cols_1 laptops-cols_inherit tablets-cols_inherit mobiles-cols_1 valign_top type_default stacking_default\"><div class=\"wpb_column vc_column_container\"><div class=\"vc_column-inner\"><div class=\"w-separator size_huge\"><\/div><div class=\"wpb_text_column\"><div class=\"wpb_wrapper\"><h3 style=\"text-align: center;\">Appelez-nous aujourd&rsquo;hui au 07.62.70.25.27<br \/>\n\u00e9crivez-nous \u00e0 contact@ecm-diag.com<\/h3>\n<p style=\"text-align: center;\">Vous cherchez un diagnostiqueur rigoureux<\/p>\n<\/div><\/div><div class=\"w-separator size_medium\"><\/div><div class=\"w-btn-wrapper align_center\"><a class=\"w-btn us-btn-style_4\" title=\"Diagnostic Loi Boutin\" href=\"https:\/\/ecm-diag.com\/index.php\/contact\/\"><span class=\"w-btn-label\">Contact<\/span><\/a><\/div><div class=\"w-separator size_huge\"><\/div><\/div><\/div><\/div><\/div><\/section><section class=\"l-section wpb_row height_custom\"><div class=\"l-section-h i-cf\"><div class=\"g-cols vc_row via_grid cols_1 laptops-cols_inherit tablets-cols_inherit mobiles-cols_1 valign_top type_default stacking_default\"><div class=\"wpb_column vc_column_container\"><div class=\"vc_column-inner\"><div class=\"w-separator size_small\"><\/div><\/div><\/div><\/div><\/div><\/section>\n","protected":false},"excerpt":{"rendered":"DiagnosticDiagnostic Plomb Dur\u00e9e d&rsquo;intervention : 1 heure A partir de 110 \u20ac Demande d&rsquo;interventionDiagnostic Plomb, constat de risque d\u2019exposition au plomb (CREP) Le diagnostic plomb est un document qui renseigne sur la pr\u00e9sence de plomb dans votre logement. Il doit faire partie de votre dossier de diagnostic technique (DDT) Le DDT doit \u00eatre pr\u00e9sent\u00e9 au...","protected":false},"author":1,"featured_media":0,"parent":7086,"menu_order":0,"comment_status":"closed","ping_status":"closed","template":"","meta":{"footnotes":""},"class_list":["post-7210","page","type-page","status-publish","hentry"],"acf":[],"yoast_head":"<!-- This site is optimized with the Yoast SEO plugin v26.4 - https:\/\/yoast.com\/wordpress\/plugins\/seo\/ -->\n<title>Diagnostic Plomb - ECM DIAG<\/title>\n<meta name=\"robots\" content=\"index, follow, max-snippet:-1, max-image-preview:large, max-video-preview:-1\" \/>\n<link rel=\"canonical\" href=\"https:\/\/ecm-diag.com\/index.php\/diagnostics\/diagnostic-plomb\/\" \/>\n<meta property=\"og:locale\" content=\"fr_FR\" \/>\n<meta property=\"og:type\" content=\"article\" \/>\n<meta property=\"og:title\" content=\"Diagnostic Plomb - ECM DIAG\" \/>\n<meta property=\"og:url\" content=\"https:\/\/ecm-diag.com\/index.php\/diagnostics\/diagnostic-plomb\/\" \/>\n<meta property=\"og:site_name\" content=\"ECM DIAG\" \/>\n<meta property=\"article:modified_time\" content=\"2023-04-12T20:27:54+00:00\" \/>\n<meta name=\"twitter:card\" content=\"summary_large_image\" \/>\n<meta name=\"twitter:label1\" content=\"Dur\u00e9e de lecture estim\u00e9e\" \/>\n\t<meta name=\"twitter:data1\" content=\"2 minutes\" \/>\n<script type=\"application\/ld+json\" class=\"yoast-schema-graph\">{\"@context\":\"https:\/\/schema.org\",\"@graph\":[{\"@type\":\"WebPage\",\"@id\":\"https:\/\/ecm-diag.com\/index.php\/diagnostics\/diagnostic-plomb\/\",\"url\":\"https:\/\/ecm-diag.com\/index.php\/diagnostics\/diagnostic-plomb\/\",\"name\":\"Diagnostic Plomb - ECM DIAG\",\"isPartOf\":{\"@id\":\"https:\/\/ecm-diag.com\/#website\"},\"datePublished\":\"2023-03-09T13:03:00+00:00\",\"dateModified\":\"2023-04-12T20:27:54+00:00\",\"breadcrumb\":{\"@id\":\"https:\/\/ecm-diag.com\/index.php\/diagnostics\/diagnostic-plomb\/#breadcrumb\"},\"inLanguage\":\"fr-FR\",\"potentialAction\":[{\"@type\":\"ReadAction\",\"target\":[\"https:\/\/ecm-diag.com\/index.php\/diagnostics\/diagnostic-plomb\/\"]}]},{\"@type\":\"BreadcrumbList\",\"@id\":\"https:\/\/ecm-diag.com\/index.php\/diagnostics\/diagnostic-plomb\/#breadcrumb\",\"itemListElement\":[{\"@type\":\"ListItem\",\"position\":1,\"name\":\"Accueil\",\"item\":\"https:\/\/ecm-diag.com\/\"},{\"@type\":\"ListItem\",\"position\":2,\"name\":\"Diagnostics\",\"item\":\"https:\/\/ecm-diag.com\/index.php\/diagnostics\/\"},{\"@type\":\"ListItem\",\"position\":3,\"name\":\"Diagnostic Plomb\"}]},{\"@type\":\"WebSite\",\"@id\":\"https:\/\/ecm-diag.com\/#website\",\"url\":\"https:\/\/ecm-diag.com\/\",\"name\":\"ECM DIAG\",\"description\":\"Diagnostics Immobiliers Marne la Vall\u00e9e\",\"potentialAction\":[{\"@type\":\"SearchAction\",\"target\":{\"@type\":\"EntryPoint\",\"urlTemplate\":\"https:\/\/ecm-diag.com\/?s={search_term_string}\"},\"query-input\":{\"@type\":\"PropertyValueSpecification\",\"valueRequired\":true,\"valueName\":\"search_term_string\"}}],\"inLanguage\":\"fr-FR\"}]}<\/script>\n<!-- \/ Yoast SEO plugin. -->","yoast_head_json":{"title":"Diagnostic Plomb - ECM DIAG","robots":{"index":"index","follow":"follow","max-snippet":"max-snippet:-1","max-image-preview":"max-image-preview:large","max-video-preview":"max-video-preview:-1"},"canonical":"https:\/\/ecm-diag.com\/index.php\/diagnostics\/diagnostic-plomb\/","og_locale":"fr_FR","og_type":"article","og_title":"Diagnostic Plomb - ECM DIAG","og_url":"https:\/\/ecm-diag.com\/index.php\/diagnostics\/diagnostic-plomb\/","og_site_name":"ECM DIAG","article_modified_time":"2023-04-12T20:27:54+00:00","twitter_card":"summary_large_image","twitter_misc":{"Dur\u00e9e de lecture estim\u00e9e":"2 minutes"},"schema":{"@context":"https:\/\/schema.org","@graph":[{"@type":"WebPage","@id":"https:\/\/ecm-diag.com\/index.php\/diagnostics\/diagnostic-plomb\/","url":"https:\/\/ecm-diag.com\/index.php\/diagnostics\/diagnostic-plomb\/","name":"Diagnostic Plomb - ECM DIAG","isPartOf":{"@id":"https:\/\/ecm-diag.com\/#website"},"datePublished":"2023-03-09T13:03:00+00:00","dateModified":"2023-04-12T20:27:54+00:00","breadcrumb":{"@id":"https:\/\/ecm-diag.com\/index.php\/diagnostics\/diagnostic-plomb\/#breadcrumb"},"inLanguage":"fr-FR","potentialAction":[{"@type":"ReadAction","target":["https:\/\/ecm-diag.com\/index.php\/diagnostics\/diagnostic-plomb\/"]}]},{"@type":"BreadcrumbList","@id":"https:\/\/ecm-diag.com\/index.php\/diagnostics\/diagnostic-plomb\/#breadcrumb","itemListElement":[{"@type":"ListItem","position":1,"name":"Accueil","item":"https:\/\/ecm-diag.com\/"},{"@type":"ListItem","position":2,"name":"Diagnostics","item":"https:\/\/ecm-diag.com\/index.php\/diagnostics\/"},{"@type":"ListItem","position":3,"name":"Diagnostic Plomb"}]},{"@type":"WebSite","@id":"https:\/\/ecm-diag.com\/#website","url":"https:\/\/ecm-diag.com\/","name":"ECM DIAG","description":"Diagnostics Immobiliers Marne la Vall\u00e9e","potentialAction":[{"@type":"SearchAction","target":{"@type":"EntryPoint","urlTemplate":"https:\/\/ecm-diag.com\/?s={search_term_string}"},"query-input":{"@type":"PropertyValueSpecification","valueRequired":true,"valueName":"search_term_string"}}],"inLanguage":"fr-FR"}]}},"jetpack_sharing_enabled":true,"_links":{"self":[{"href":"https:\/\/ecm-diag.com\/index.php\/wp-json\/wp\/v2\/pages\/7210","targetHints":{"allow":["GET"]}}],"collection":[{"href":"https:\/\/ecm-diag.com\/index.php\/wp-json\/wp\/v2\/pages"}],"about":[{"href":"https:\/\/ecm-diag.com\/index.php\/wp-json\/wp\/v2\/types\/page"}],"author":[{"embeddable":true,"href":"https:\/\/ecm-diag.com\/index.php\/wp-json\/wp\/v2\/users\/1"}],"replies":[{"embeddable":true,"href":"https:\/\/ecm-diag.com\/index.php\/wp-json\/wp\/v2\/comments?post=7210"}],"version-history":[{"count":5,"href":"https:\/\/ecm-diag.com\/index.php\/wp-json\/wp\/v2\/pages\/7210\/revisions"}],"predecessor-version":[{"id":7403,"href":"https:\/\/ecm-diag.com\/index.php\/wp-json\/wp\/v2\/pages\/7210\/revisions\/7403"}],"up":[{"embeddable":true,"href":"https:\/\/ecm-diag.com\/index.php\/wp-json\/wp\/v2\/pages\/7086"}],"wp:attachment":[{"href":"https:\/\/ecm-diag.com\/index.php\/wp-json\/wp\/v2\/media?parent=7210"}],"curies":[{"name":"wp","href":"https:\/\/api.w.org\/{rel}","templated":true}]}}