{"id":7213,"date":"2023-03-09T14:03:11","date_gmt":"2023-03-09T13:03:11","guid":{"rendered":"https:\/\/ecm-diag.com\/?page_id=7213"},"modified":"2023-04-07T23:17:27","modified_gmt":"2023-04-07T21:17:27","slug":"diagnostic-dpe","status":"publish","type":"page","link":"https:\/\/ecm-diag.com\/index.php\/diagnostics\/diagnostic-dpe\/","title":{"rendered":"Diagnostic DPE"},"content":{"rendered":"<section class=\"l-section wpb_row height_small\"><div class=\"l-section-h i-cf\"><div class=\"g-cols vc_row via_grid cols_2-1 laptops-cols_inherit tablets-cols_inherit mobiles-cols_1 valign_top type_default stacking_default\"><div class=\"wpb_column vc_column_container us_custom_f85fc1e7 has_bg_color\"><div class=\"vc_column-inner\"><div class=\"w-btn-wrapper align_left\"><a class=\"w-btn us-btn-style_2\" href=\"#\"><span class=\"w-btn-label\">Diagnostic<\/span><\/a><\/div><div class=\"w-separator size_small\"><\/div><div class=\"wpb_text_column\"><div class=\"wpb_wrapper\"><h2>Diagnostic DPE<\/h2>\n<p><strong>Dur\u00e9e d&rsquo;intervention : 1 heure<br \/>\nA partir de 110 \u20ac<br \/>\n<\/strong><\/p>\n<\/div><\/div><div class=\"w-separator size_small\"><\/div><div class=\"w-btn-wrapper align_left\"><a class=\"w-btn us-btn-style_26\" href=\"https:\/\/ecm-diag.com\/index.php\/devis\/\"><span class=\"w-btn-label\">Demande d&rsquo;intervention<\/span><\/a><\/div><\/div><\/div><div class=\"wpb_column vc_column_container us_custom_8c76880f\"><div class=\"vc_column-inner\"><div class=\"w-image us_custom_8c76880f align_none\"><div class=\"w-image-h\"><img loading=\"lazy\" decoding=\"async\" width=\"379\" height=\"331\" src=\"https:\/\/ecm-diag.com\/wp-content\/uploads\/2023\/04\/My-project-1-1.png\" class=\"attachment-large size-large\" alt=\"\" srcset=\"https:\/\/ecm-diag.com\/wp-content\/uploads\/2023\/04\/My-project-1-1.png 379w, https:\/\/ecm-diag.com\/wp-content\/uploads\/2023\/04\/My-project-1-1-300x262.png 300w\" sizes=\"auto, (max-width: 379px) 100vw, 379px\" \/><\/div><\/div><\/div><\/div><\/div><\/div><\/section><section class=\"l-section wpb_row height_small\"><div class=\"l-section-h i-cf\"><div class=\"g-cols vc_row via_grid cols_1 laptops-cols_inherit tablets-cols_inherit mobiles-cols_1 valign_top type_default stacking_default\"><div class=\"wpb_column vc_column_container\"><div class=\"vc_column-inner\"><div class=\"wpb_text_column\"><div class=\"wpb_wrapper\"><h3>Diagnostic de performance \u00e9nerg\u00e9tique (DPE)<\/h3>\n<p>Le diagnostic de performance \u00e9nerg\u00e9tique est un document qui renseigne l\u2019estimation de la consommation d\u2019\u00e9nergie et les taux d\u2019\u00e9mission de gaz \u00e0 effet de serre de votre logement.<\/p>\n<p>Le DPE doit \u00eatre int\u00e9gr\u00e9 au dossier de diagnostic technique (DDT) et le remettre \u00e0 l\u2019acqu\u00e9reur ou au locataire de votre logement.<\/p>\n<\/div><\/div><div class=\"w-separator size_small\"><\/div><div class=\"w-tabs style_default switch_click accordion has_scrolling\" style=\"--sections-title-size:inherit\"><div class=\"w-tabs-sections titles-align_none icon_chevron cpos_right\"><div class=\"w-tabs-section\" id=\"o0fb\"><button class=\"w-tabs-section-header\" aria-controls=\"content-o0fb\" aria-expanded=\"false\"><div class=\"w-tabs-section-title\">Le Prix<\/div><div class=\"w-tabs-section-control\"><\/div><\/button><div  class=\"w-tabs-section-content\" id=\"content-o0fb\"><div class=\"w-tabs-section-content-h i-cf\"><div class=\"wpb_text_column\"><div class=\"wpb_wrapper\"><p>Le prix d\u2019un diagnostic de performance \u00e9nerg\u00e9tique se situe entre 100 et 250 euros. Cela va d\u00e9pendre de la surface de l\u2019habitation, de la localisation, du professionnel.<\/p>\n<\/div><\/div><\/div><\/div><\/div><div class=\"w-tabs-section\" id=\"q202\"><button class=\"w-tabs-section-header\" aria-controls=\"content-q202\" aria-expanded=\"false\"><div class=\"w-tabs-section-title\">Les logements concern\u00e9s<\/div><div class=\"w-tabs-section-control\"><\/div><\/button><div  class=\"w-tabs-section-content\" id=\"content-q202\"><div class=\"w-tabs-section-content-h i-cf\"><div class=\"wpb_text_column\"><div class=\"wpb_wrapper\"><p>Il doit \u00eatre r\u00e9alis\u00e9 pour tous les logements.<\/p>\n<p>Exception pour\u00a0:<\/p>\n<ul>\n<li>Les logements ne disposant de syst\u00e8me de chauffage<\/li>\n<li>B\u00e2timents ind\u00e9pendants dont la surface plancher ne d\u00e9passe pas 50m2<\/li>\n<li>B\u00e2timents \u00e0 usage agricole, artisanal ou industriel<\/li>\n<li>Les constructions provisoires<\/li>\n<li>B\u00e2timents class\u00e9s comme monument historique et les lieux de culte<\/li>\n<li>B\u00e2timents occup\u00e9s de moins de 4 mois par an<\/li>\n<\/ul>\n<\/div><\/div><\/div><\/div><\/div><div class=\"w-tabs-section\" id=\"u2d3\"><button class=\"w-tabs-section-header\" aria-controls=\"content-u2d3\" aria-expanded=\"false\"><div class=\"w-tabs-section-title\">La dur\u00e9e de validit\u00e9 du DPE<\/div><div class=\"w-tabs-section-control\"><\/div><\/button><div  class=\"w-tabs-section-content\" id=\"content-u2d3\"><div class=\"w-tabs-section-content-h i-cf\"><div class=\"wpb_text_column\"><div class=\"wpb_wrapper\"><p>Le DPE est valable 10 ans.<\/p>\n<p>Les DPE r\u00e9alis\u00e9s entre le 01 janvier 2013 et le 31 d\u00e9cembre 2017 sont valables jusqu\u2019au 31 d\u00e9cembre 2022.<\/p>\n<p>Les DPE r\u00e9alis\u00e9s entre le 01 janvier 2018 et le 30 juin 2021 sont valables jusqu\u2019au 31 d\u00e9cembre 2024.<\/p>\n<\/div><\/div><\/div><\/div><\/div><div class=\"w-tabs-section\" id=\"b395\"><button class=\"w-tabs-section-header\" aria-controls=\"content-b395\" aria-expanded=\"false\"><div class=\"w-tabs-section-title\">A quoi correspondent les lettres dans un dpe?<\/div><div class=\"w-tabs-section-control\"><\/div><\/button><div  class=\"w-tabs-section-content\" id=\"content-b395\"><div class=\"w-tabs-section-content-h i-cf\"><div class=\"wpb_text_column\"><div class=\"wpb_wrapper\"><p>Les \u00e9tiquettes Energie et climats sont \u00e9valu\u00e9es de la lettre A \u00e0 G.<\/p>\n<p>A pour les b\u00e2timents extr\u00eamement performant et G consid\u00e9r\u00e9 comme b\u00e2timents extr\u00eamement peu performant.<\/p>\n<\/div><\/div><\/div><\/div><\/div><div class=\"w-tabs-section\" id=\"m458\"><button class=\"w-tabs-section-header\" aria-controls=\"content-m458\" aria-expanded=\"false\"><div class=\"w-tabs-section-title\">\u00c9tiquette Energie<\/div><div class=\"w-tabs-section-control\"><\/div><\/button><div  class=\"w-tabs-section-content\" id=\"content-m458\"><div class=\"w-tabs-section-content-h i-cf\"><div class=\"wpb_text_column\"><div class=\"wpb_wrapper\"><p>La premi\u00e8re \u00e9tiquette est l\u2019\u00e9tiquette \u00e9nergie sur lequel on peut voir kWH\/m2\/an.<\/p>\n<p>Cela correspond \u00e0 une unit\u00e9 de mesure de la consommation \u00e9nerg\u00e9tique par unit\u00e9 de surface et par an.<\/p>\n<\/div><\/div><\/div><\/div><\/div><div class=\"w-tabs-section\" id=\"j509\"><button class=\"w-tabs-section-header\" aria-controls=\"content-j509\" aria-expanded=\"false\"><div class=\"w-tabs-section-title\">\u00c9tiquette Climat<\/div><div class=\"w-tabs-section-control\"><\/div><\/button><div  class=\"w-tabs-section-content\" id=\"content-j509\"><div class=\"w-tabs-section-content-h i-cf\"><div class=\"wpb_text_column\"><div class=\"wpb_wrapper\"><p>Le r\u00e9sultat obtenu correspond aux \u00e9missions de dioxyde de carbone \u00e9mis par m\u00e8tre carr\u00e9 par an par le b\u00e2timent traduit par kgCO2\/m2 an.<\/p>\n<\/div><\/div><\/div><\/div><\/div><div class=\"w-tabs-section\" id=\"y5d8\"><button class=\"w-tabs-section-header\" aria-controls=\"content-y5d8\" aria-expanded=\"false\"><div class=\"w-tabs-section-title\">Impact pour la location<\/div><div class=\"w-tabs-section-control\"><\/div><\/button><div  class=\"w-tabs-section-content\" id=\"content-y5d8\"><div class=\"w-tabs-section-content-h i-cf\"><div class=\"wpb_text_column\"><div class=\"wpb_wrapper\"><p>D\u00e8s 2023, les propri\u00e9taires dont les logements sont consid\u00e9r\u00e9s comme b\u00e2timents extr\u00eamement peu performant (G et F) seront dans l\u2019obligation de r\u00e9aliser des travaux de r\u00e9novation \u00e9nerg\u00e9tique s\u2019ils veulent augmenter le loyer de leur logement.<\/p>\n<p>A compter de\u00a0:<\/p>\n<ul>\n<li>2025, interdiction de mettre en location les logement class\u00e9 G.<\/li>\n<li>2028, interdiction de mettre en location les logement class\u00e9 F.<\/li>\n<li>2034, interdiction de mettre en location les logement class\u00e9 E.<\/li>\n<\/ul>\n<\/div><\/div><\/div><\/div><\/div><\/div><\/div><div class=\"w-separator size_small\"><\/div><\/div><\/div><\/div><\/div><\/section><section class=\"l-section wpb_row us_custom_6df4bc3a has_text_color height_auto with_img\"><div class=\"l-section-img\" data-img-width=\"1265\" data-img-height=\"513\" style=\"background-image: url(https:\/\/ecm-diag.com\/wp-content\/uploads\/2023\/03\/bloc-tel.png);background-repeat: no-repeat;background-size: contain;\"><\/div><div class=\"l-section-h i-cf\"><div class=\"g-cols vc_row via_grid cols_1 laptops-cols_inherit tablets-cols_inherit mobiles-cols_1 valign_top type_default stacking_default\"><div class=\"wpb_column vc_column_container\"><div class=\"vc_column-inner\"><div class=\"w-separator size_huge\"><\/div><div class=\"wpb_text_column\"><div class=\"wpb_wrapper\"><h3 style=\"text-align: center;\">Appelez-nous aujourd&rsquo;hui au 07.62.70.25.27<br \/>\n\u00e9crivez-nous \u00e0 contact@ecm-diag.com<\/h3>\n<p style=\"text-align: center;\">Vous cherchez un diagnostiqueur rigoureux<\/p>\n<\/div><\/div><div class=\"w-separator size_medium\"><\/div><div class=\"w-btn-wrapper align_center\"><a class=\"w-btn us-btn-style_4\" title=\"Diagnostic Loi Boutin\" href=\"https:\/\/ecm-diag.com\/index.php\/contact\/\"><span class=\"w-btn-label\">Contact<\/span><\/a><\/div><div class=\"w-separator size_huge\"><\/div><\/div><\/div><\/div><\/div><\/section><section class=\"l-section wpb_row height_custom\"><div class=\"l-section-h i-cf\"><div class=\"g-cols vc_row via_grid cols_1 laptops-cols_inherit tablets-cols_inherit mobiles-cols_1 valign_top type_default stacking_default\"><div class=\"wpb_column vc_column_container\"><div class=\"vc_column-inner\"><div class=\"w-separator size_small\"><\/div><\/div><\/div><\/div><\/div><\/section>\n","protected":false},"excerpt":{"rendered":"DiagnosticDiagnostic DPE Dur\u00e9e d&rsquo;intervention : 1 heure A partir de 110 \u20ac Demande d&rsquo;interventionDiagnostic de performance \u00e9nerg\u00e9tique (DPE) Le diagnostic de performance \u00e9nerg\u00e9tique est un document qui renseigne l\u2019estimation de la consommation d\u2019\u00e9nergie et les taux d\u2019\u00e9mission de gaz \u00e0 effet de serre de votre logement. Le DPE doit \u00eatre int\u00e9gr\u00e9 au dossier de diagnostic...","protected":false},"author":1,"featured_media":0,"parent":7086,"menu_order":0,"comment_status":"closed","ping_status":"closed","template":"","meta":{"footnotes":""},"class_list":["post-7213","page","type-page","status-publish","hentry"],"acf":[],"yoast_head":"<!-- This site is optimized with the Yoast SEO plugin v26.4 - https:\/\/yoast.com\/wordpress\/plugins\/seo\/ -->\n<title>Diagnostic DPE - ECM DIAG<\/title>\n<meta name=\"robots\" content=\"index, follow, max-snippet:-1, max-image-preview:large, max-video-preview:-1\" \/>\n<link rel=\"canonical\" href=\"https:\/\/ecm-diag.com\/index.php\/diagnostics\/diagnostic-dpe\/\" \/>\n<meta property=\"og:locale\" content=\"fr_FR\" \/>\n<meta property=\"og:type\" content=\"article\" \/>\n<meta property=\"og:title\" content=\"Diagnostic DPE - ECM DIAG\" \/>\n<meta property=\"og:url\" content=\"https:\/\/ecm-diag.com\/index.php\/diagnostics\/diagnostic-dpe\/\" \/>\n<meta property=\"og:site_name\" content=\"ECM DIAG\" \/>\n<meta property=\"article:modified_time\" content=\"2023-04-07T21:17:27+00:00\" \/>\n<meta name=\"twitter:card\" content=\"summary_large_image\" \/>\n<meta name=\"twitter:label1\" content=\"Dur\u00e9e de lecture estim\u00e9e\" \/>\n\t<meta name=\"twitter:data1\" content=\"3 minutes\" \/>\n<script type=\"application\/ld+json\" class=\"yoast-schema-graph\">{\"@context\":\"https:\/\/schema.org\",\"@graph\":[{\"@type\":\"WebPage\",\"@id\":\"https:\/\/ecm-diag.com\/index.php\/diagnostics\/diagnostic-dpe\/\",\"url\":\"https:\/\/ecm-diag.com\/index.php\/diagnostics\/diagnostic-dpe\/\",\"name\":\"Diagnostic DPE - ECM DIAG\",\"isPartOf\":{\"@id\":\"https:\/\/ecm-diag.com\/#website\"},\"datePublished\":\"2023-03-09T13:03:11+00:00\",\"dateModified\":\"2023-04-07T21:17:27+00:00\",\"breadcrumb\":{\"@id\":\"https:\/\/ecm-diag.com\/index.php\/diagnostics\/diagnostic-dpe\/#breadcrumb\"},\"inLanguage\":\"fr-FR\",\"potentialAction\":[{\"@type\":\"ReadAction\",\"target\":[\"https:\/\/ecm-diag.com\/index.php\/diagnostics\/diagnostic-dpe\/\"]}]},{\"@type\":\"BreadcrumbList\",\"@id\":\"https:\/\/ecm-diag.com\/index.php\/diagnostics\/diagnostic-dpe\/#breadcrumb\",\"itemListElement\":[{\"@type\":\"ListItem\",\"position\":1,\"name\":\"Accueil\",\"item\":\"https:\/\/ecm-diag.com\/\"},{\"@type\":\"ListItem\",\"position\":2,\"name\":\"Diagnostics\",\"item\":\"https:\/\/ecm-diag.com\/index.php\/diagnostics\/\"},{\"@type\":\"ListItem\",\"position\":3,\"name\":\"Diagnostic DPE\"}]},{\"@type\":\"WebSite\",\"@id\":\"https:\/\/ecm-diag.com\/#website\",\"url\":\"https:\/\/ecm-diag.com\/\",\"name\":\"ECM DIAG\",\"description\":\"Diagnostics Immobiliers Marne la Vall\u00e9e\",\"potentialAction\":[{\"@type\":\"SearchAction\",\"target\":{\"@type\":\"EntryPoint\",\"urlTemplate\":\"https:\/\/ecm-diag.com\/?s={search_term_string}\"},\"query-input\":{\"@type\":\"PropertyValueSpecification\",\"valueRequired\":true,\"valueName\":\"search_term_string\"}}],\"inLanguage\":\"fr-FR\"}]}<\/script>\n<!-- \/ Yoast SEO plugin. -->","yoast_head_json":{"title":"Diagnostic DPE - ECM DIAG","robots":{"index":"index","follow":"follow","max-snippet":"max-snippet:-1","max-image-preview":"max-image-preview:large","max-video-preview":"max-video-preview:-1"},"canonical":"https:\/\/ecm-diag.com\/index.php\/diagnostics\/diagnostic-dpe\/","og_locale":"fr_FR","og_type":"article","og_title":"Diagnostic DPE - ECM DIAG","og_url":"https:\/\/ecm-diag.com\/index.php\/diagnostics\/diagnostic-dpe\/","og_site_name":"ECM DIAG","article_modified_time":"2023-04-07T21:17:27+00:00","twitter_card":"summary_large_image","twitter_misc":{"Dur\u00e9e de lecture estim\u00e9e":"3 minutes"},"schema":{"@context":"https:\/\/schema.org","@graph":[{"@type":"WebPage","@id":"https:\/\/ecm-diag.com\/index.php\/diagnostics\/diagnostic-dpe\/","url":"https:\/\/ecm-diag.com\/index.php\/diagnostics\/diagnostic-dpe\/","name":"Diagnostic DPE - ECM DIAG","isPartOf":{"@id":"https:\/\/ecm-diag.com\/#website"},"datePublished":"2023-03-09T13:03:11+00:00","dateModified":"2023-04-07T21:17:27+00:00","breadcrumb":{"@id":"https:\/\/ecm-diag.com\/index.php\/diagnostics\/diagnostic-dpe\/#breadcrumb"},"inLanguage":"fr-FR","potentialAction":[{"@type":"ReadAction","target":["https:\/\/ecm-diag.com\/index.php\/diagnostics\/diagnostic-dpe\/"]}]},{"@type":"BreadcrumbList","@id":"https:\/\/ecm-diag.com\/index.php\/diagnostics\/diagnostic-dpe\/#breadcrumb","itemListElement":[{"@type":"ListItem","position":1,"name":"Accueil","item":"https:\/\/ecm-diag.com\/"},{"@type":"ListItem","position":2,"name":"Diagnostics","item":"https:\/\/ecm-diag.com\/index.php\/diagnostics\/"},{"@type":"ListItem","position":3,"name":"Diagnostic DPE"}]},{"@type":"WebSite","@id":"https:\/\/ecm-diag.com\/#website","url":"https:\/\/ecm-diag.com\/","name":"ECM DIAG","description":"Diagnostics Immobiliers Marne la Vall\u00e9e","potentialAction":[{"@type":"SearchAction","target":{"@type":"EntryPoint","urlTemplate":"https:\/\/ecm-diag.com\/?s={search_term_string}"},"query-input":{"@type":"PropertyValueSpecification","valueRequired":true,"valueName":"search_term_string"}}],"inLanguage":"fr-FR"}]}},"jetpack_sharing_enabled":true,"_links":{"self":[{"href":"https:\/\/ecm-diag.com\/index.php\/wp-json\/wp\/v2\/pages\/7213","targetHints":{"allow":["GET"]}}],"collection":[{"href":"https:\/\/ecm-diag.com\/index.php\/wp-json\/wp\/v2\/pages"}],"about":[{"href":"https:\/\/ecm-diag.com\/index.php\/wp-json\/wp\/v2\/types\/page"}],"author":[{"embeddable":true,"href":"https:\/\/ecm-diag.com\/index.php\/wp-json\/wp\/v2\/users\/1"}],"replies":[{"embeddable":true,"href":"https:\/\/ecm-diag.com\/index.php\/wp-json\/wp\/v2\/comments?post=7213"}],"version-history":[{"count":5,"href":"https:\/\/ecm-diag.com\/index.php\/wp-json\/wp\/v2\/pages\/7213\/revisions"}],"predecessor-version":[{"id":7400,"href":"https:\/\/ecm-diag.com\/index.php\/wp-json\/wp\/v2\/pages\/7213\/revisions\/7400"}],"up":[{"embeddable":true,"href":"https:\/\/ecm-diag.com\/index.php\/wp-json\/wp\/v2\/pages\/7086"}],"wp:attachment":[{"href":"https:\/\/ecm-diag.com\/index.php\/wp-json\/wp\/v2\/media?parent=7213"}],"curies":[{"name":"wp","href":"https:\/\/api.w.org\/{rel}","templated":true}]}}