{"id":7215,"date":"2023-03-09T14:03:22","date_gmt":"2023-03-09T13:03:22","guid":{"rendered":"https:\/\/ecm-diag.com\/?page_id=7215"},"modified":"2023-04-07T23:01:28","modified_gmt":"2023-04-07T21:01:28","slug":"diagnostic-gaz","status":"publish","type":"page","link":"https:\/\/ecm-diag.com\/index.php\/diagnostics\/diagnostic-gaz\/","title":{"rendered":"Diagnostic Gaz"},"content":{"rendered":"<section class=\"l-section wpb_row height_small\"><div class=\"l-section-h i-cf\"><div class=\"g-cols vc_row via_grid cols_2-1 laptops-cols_inherit tablets-cols_inherit mobiles-cols_1 valign_top type_default stacking_default\"><div class=\"wpb_column vc_column_container us_custom_f85fc1e7 has_bg_color\"><div class=\"vc_column-inner\"><div class=\"w-btn-wrapper align_left\"><a class=\"w-btn us-btn-style_2\" href=\"#\"><span class=\"w-btn-label\">Diagnostic<\/span><\/a><\/div><div class=\"w-separator size_small\"><\/div><div class=\"wpb_text_column\"><div class=\"wpb_wrapper\"><h2>Diagnostic Gaz<\/h2>\n<p><strong>Dur\u00e9e d&rsquo;intervention : 1 heure<br \/>\nA partir de 110 \u20ac<br \/>\n<\/strong><\/p>\n<\/div><\/div><div class=\"w-separator size_small\"><\/div><div class=\"w-btn-wrapper align_left\"><a class=\"w-btn us-btn-style_26\" href=\"https:\/\/ecm-diag.com\/index.php\/devis\/\"><span class=\"w-btn-label\">Demande d&rsquo;intervention<\/span><\/a><\/div><\/div><\/div><div class=\"wpb_column vc_column_container us_custom_8c76880f\"><div class=\"vc_column-inner\"><div class=\"w-image us_custom_8c76880f align_none\"><div class=\"w-image-h\"><img loading=\"lazy\" decoding=\"async\" width=\"379\" height=\"331\" src=\"https:\/\/ecm-diag.com\/wp-content\/uploads\/2023\/03\/gaz.png\" class=\"attachment-large size-large\" alt=\"\" srcset=\"https:\/\/ecm-diag.com\/wp-content\/uploads\/2023\/03\/gaz.png 379w, https:\/\/ecm-diag.com\/wp-content\/uploads\/2023\/03\/gaz-300x262.png 300w\" sizes=\"auto, (max-width: 379px) 100vw, 379px\" \/><\/div><\/div><\/div><\/div><\/div><\/div><\/section><section class=\"l-section wpb_row height_small\"><div class=\"l-section-h i-cf\"><div class=\"g-cols vc_row via_grid cols_1 laptops-cols_inherit tablets-cols_inherit mobiles-cols_1 valign_top type_default stacking_default\"><div class=\"wpb_column vc_column_container\"><div class=\"vc_column-inner\"><div class=\"wpb_text_column\"><div class=\"wpb_wrapper\"><p>Le diagnostic gaz permet de v\u00e9rifier que les \u00e9l\u00e9ments contribuant \u00e0 la s\u00e9curit\u00e9 d\u2019une installation gaz sont en bon \u00e9tat et v\u00e9rifier la ventilation du local.<\/p>\n<p>Votre logement est concern\u00e9 si l&rsquo;installation de gaz a plus de 15 ans.<\/p>\n<p>Le Diagnostic gaz doit \u00eatre int\u00e9gr\u00e9 au dossier de diagnostic technique (DDT) et le remettre \u00e0 l\u2019acqu\u00e9reur ou au locataire de votre logement.<\/p>\n<\/div><\/div><div class=\"w-separator size_small\"><\/div><div class=\"w-tabs style_default switch_click accordion has_scrolling\" style=\"--sections-title-size:inherit\"><div class=\"w-tabs-sections titles-align_none icon_chevron cpos_right\"><div class=\"w-tabs-section\" id=\"de89\"><button class=\"w-tabs-section-header\" aria-controls=\"content-de89\" aria-expanded=\"false\"><div class=\"w-tabs-section-title\">Obligatoire<\/div><div class=\"w-tabs-section-control\"><\/div><\/button><div  class=\"w-tabs-section-content\" id=\"content-de89\"><div class=\"w-tabs-section-content-h i-cf\"><div class=\"wpb_text_column\"><div class=\"wpb_wrapper\"><p>Ce diagnostic est obligatoire pour tous les logements dont l\u2019installation gaz \u00e0 plus de 15 ans.<\/p>\n<\/div><\/div><\/div><\/div><\/div><div class=\"w-tabs-section\" id=\"dfda\"><button class=\"w-tabs-section-header\" aria-controls=\"content-dfda\" aria-expanded=\"false\"><div class=\"w-tabs-section-title\">Bon \u00e0 savoir<\/div><div class=\"w-tabs-section-control\"><\/div><\/button><div  class=\"w-tabs-section-content\" id=\"content-dfda\"><div class=\"w-tabs-section-content-h i-cf\"><div class=\"wpb_text_column\"><div class=\"wpb_wrapper\"><p>Si l&rsquo;installation a fait l&rsquo;objet d&rsquo;un certificat de conformit\u00e9 suite \u00e0 une modification de votre installation, vous n&rsquo;avez pas besoin de faire r\u00e9aliser un diagnostic gaz.<\/p>\n<p>Pour \u00eatre valable, votre certificat de conformit\u00e9 doit avoir moins de 3 ans avant la signature de la promesse de vente ou de l&rsquo;acte de vente et moins de 6 ans pour la location.<\/p>\n<p>Il doit provenir d&rsquo;un des trois organismes agr\u00e9\u00e9s par le ministre charg\u00e9 de l&rsquo;\u00e9nergie\u00a0:<\/p>\n<p>Qualigaz, Dekra, Copraudit.<\/p>\n<\/div><\/div><\/div><\/div><\/div><div class=\"w-tabs-section\" id=\"y0f5\"><button class=\"w-tabs-section-header\" aria-controls=\"content-y0f5\" aria-expanded=\"false\"><div class=\"w-tabs-section-title\">Prix<\/div><div class=\"w-tabs-section-control\"><\/div><\/button><div  class=\"w-tabs-section-content\" id=\"content-y0f5\"><div class=\"w-tabs-section-content-h i-cf\"><div class=\"wpb_text_column\"><div class=\"wpb_wrapper\"><p>Le prix du diagnostic varie entre 100\u00a0\u20ac et 140\u00a0\u20ac. Cela va d\u00e9pendre de la surface de l\u2019habitation, de la localisation, du professionnel.<\/p>\n<\/div><\/div><\/div><\/div><\/div><div class=\"w-tabs-section\" id=\"e1fc\"><button class=\"w-tabs-section-header\" aria-controls=\"content-e1fc\" aria-expanded=\"false\"><div class=\"w-tabs-section-title\">Validit\u00e9<\/div><div class=\"w-tabs-section-control\"><\/div><\/button><div  class=\"w-tabs-section-content\" id=\"content-e1fc\"><div class=\"w-tabs-section-content-h i-cf\"><div class=\"wpb_text_column\"><div class=\"wpb_wrapper\"><p>Valable 3 ans pour la vente<br \/>\nValable 6 ans pour la location<\/p>\n<\/div><\/div><\/div><\/div><\/div><\/div><\/div><div class=\"w-separator size_small\"><\/div><\/div><\/div><\/div><\/div><\/section><section class=\"l-section wpb_row us_custom_6df4bc3a has_text_color height_auto with_img\"><div class=\"l-section-img\" data-img-width=\"1265\" data-img-height=\"513\" style=\"background-image: url(https:\/\/ecm-diag.com\/wp-content\/uploads\/2023\/03\/bloc-tel.png);background-repeat: no-repeat;background-size: contain;\"><\/div><div class=\"l-section-h i-cf\"><div class=\"g-cols vc_row via_grid cols_1 laptops-cols_inherit tablets-cols_inherit mobiles-cols_1 valign_top type_default stacking_default\"><div class=\"wpb_column vc_column_container\"><div class=\"vc_column-inner\"><div class=\"w-separator size_huge\"><\/div><div class=\"wpb_text_column\"><div class=\"wpb_wrapper\"><h3 style=\"text-align: center;\">Appelez-nous aujourd&rsquo;hui au 07.62.70.25.27<br \/>\n\u00e9crivez-nous \u00e0 contact@ecm-diag.com<\/h3>\n<p style=\"text-align: center;\">Vous cherchez un diagnostiqueur rigoureux<\/p>\n<\/div><\/div><div class=\"w-separator size_medium\"><\/div><div class=\"w-btn-wrapper align_center\"><a class=\"w-btn us-btn-style_4\" title=\"Diagnostic Loi Boutin\" href=\"https:\/\/ecm-diag.com\/index.php\/contact\/\"><span class=\"w-btn-label\">Contact<\/span><\/a><\/div><div class=\"w-separator size_huge\"><\/div><\/div><\/div><\/div><\/div><\/section><section class=\"l-section wpb_row height_custom\"><div class=\"l-section-h i-cf\"><div class=\"g-cols vc_row via_grid cols_1 laptops-cols_inherit tablets-cols_inherit mobiles-cols_1 valign_top type_default stacking_default\"><div class=\"wpb_column vc_column_container\"><div class=\"vc_column-inner\"><div class=\"w-separator size_small\"><\/div><\/div><\/div><\/div><\/div><\/section>\n","protected":false},"excerpt":{"rendered":"DiagnosticDiagnostic Gaz Dur\u00e9e d&rsquo;intervention : 1 heure A partir de 110 \u20ac Demande d&rsquo;interventionLe diagnostic gaz permet de v\u00e9rifier que les \u00e9l\u00e9ments contribuant \u00e0 la s\u00e9curit\u00e9 d\u2019une installation gaz sont en bon \u00e9tat et v\u00e9rifier la ventilation du local. Votre logement est concern\u00e9 si l&rsquo;installation de gaz a plus de 15 ans. Le Diagnostic gaz...","protected":false},"author":1,"featured_media":0,"parent":7086,"menu_order":0,"comment_status":"closed","ping_status":"closed","template":"","meta":{"footnotes":""},"class_list":["post-7215","page","type-page","status-publish","hentry"],"acf":[],"yoast_head":"<!-- This site is optimized with the Yoast SEO plugin v26.4 - https:\/\/yoast.com\/wordpress\/plugins\/seo\/ -->\n<title>Diagnostic Gaz - ECM DIAG<\/title>\n<meta name=\"robots\" content=\"index, follow, max-snippet:-1, max-image-preview:large, max-video-preview:-1\" \/>\n<link rel=\"canonical\" href=\"https:\/\/ecm-diag.com\/index.php\/diagnostics\/diagnostic-gaz\/\" \/>\n<meta property=\"og:locale\" content=\"fr_FR\" \/>\n<meta property=\"og:type\" content=\"article\" \/>\n<meta property=\"og:title\" content=\"Diagnostic Gaz - ECM DIAG\" \/>\n<meta property=\"og:url\" content=\"https:\/\/ecm-diag.com\/index.php\/diagnostics\/diagnostic-gaz\/\" \/>\n<meta property=\"og:site_name\" content=\"ECM DIAG\" \/>\n<meta property=\"article:modified_time\" content=\"2023-04-07T21:01:28+00:00\" \/>\n<meta name=\"twitter:card\" content=\"summary_large_image\" \/>\n<meta name=\"twitter:label1\" content=\"Dur\u00e9e de lecture estim\u00e9e\" \/>\n\t<meta name=\"twitter:data1\" content=\"2 minutes\" \/>\n<script type=\"application\/ld+json\" class=\"yoast-schema-graph\">{\"@context\":\"https:\/\/schema.org\",\"@graph\":[{\"@type\":\"WebPage\",\"@id\":\"https:\/\/ecm-diag.com\/index.php\/diagnostics\/diagnostic-gaz\/\",\"url\":\"https:\/\/ecm-diag.com\/index.php\/diagnostics\/diagnostic-gaz\/\",\"name\":\"Diagnostic Gaz - ECM DIAG\",\"isPartOf\":{\"@id\":\"https:\/\/ecm-diag.com\/#website\"},\"datePublished\":\"2023-03-09T13:03:22+00:00\",\"dateModified\":\"2023-04-07T21:01:28+00:00\",\"breadcrumb\":{\"@id\":\"https:\/\/ecm-diag.com\/index.php\/diagnostics\/diagnostic-gaz\/#breadcrumb\"},\"inLanguage\":\"fr-FR\",\"potentialAction\":[{\"@type\":\"ReadAction\",\"target\":[\"https:\/\/ecm-diag.com\/index.php\/diagnostics\/diagnostic-gaz\/\"]}]},{\"@type\":\"BreadcrumbList\",\"@id\":\"https:\/\/ecm-diag.com\/index.php\/diagnostics\/diagnostic-gaz\/#breadcrumb\",\"itemListElement\":[{\"@type\":\"ListItem\",\"position\":1,\"name\":\"Accueil\",\"item\":\"https:\/\/ecm-diag.com\/\"},{\"@type\":\"ListItem\",\"position\":2,\"name\":\"Diagnostics\",\"item\":\"https:\/\/ecm-diag.com\/index.php\/diagnostics\/\"},{\"@type\":\"ListItem\",\"position\":3,\"name\":\"Diagnostic Gaz\"}]},{\"@type\":\"WebSite\",\"@id\":\"https:\/\/ecm-diag.com\/#website\",\"url\":\"https:\/\/ecm-diag.com\/\",\"name\":\"ECM DIAG\",\"description\":\"Diagnostics Immobiliers Marne la Vall\u00e9e\",\"potentialAction\":[{\"@type\":\"SearchAction\",\"target\":{\"@type\":\"EntryPoint\",\"urlTemplate\":\"https:\/\/ecm-diag.com\/?s={search_term_string}\"},\"query-input\":{\"@type\":\"PropertyValueSpecification\",\"valueRequired\":true,\"valueName\":\"search_term_string\"}}],\"inLanguage\":\"fr-FR\"}]}<\/script>\n<!-- \/ Yoast SEO plugin. -->","yoast_head_json":{"title":"Diagnostic Gaz - ECM DIAG","robots":{"index":"index","follow":"follow","max-snippet":"max-snippet:-1","max-image-preview":"max-image-preview:large","max-video-preview":"max-video-preview:-1"},"canonical":"https:\/\/ecm-diag.com\/index.php\/diagnostics\/diagnostic-gaz\/","og_locale":"fr_FR","og_type":"article","og_title":"Diagnostic Gaz - ECM DIAG","og_url":"https:\/\/ecm-diag.com\/index.php\/diagnostics\/diagnostic-gaz\/","og_site_name":"ECM DIAG","article_modified_time":"2023-04-07T21:01:28+00:00","twitter_card":"summary_large_image","twitter_misc":{"Dur\u00e9e de lecture estim\u00e9e":"2 minutes"},"schema":{"@context":"https:\/\/schema.org","@graph":[{"@type":"WebPage","@id":"https:\/\/ecm-diag.com\/index.php\/diagnostics\/diagnostic-gaz\/","url":"https:\/\/ecm-diag.com\/index.php\/diagnostics\/diagnostic-gaz\/","name":"Diagnostic Gaz - ECM DIAG","isPartOf":{"@id":"https:\/\/ecm-diag.com\/#website"},"datePublished":"2023-03-09T13:03:22+00:00","dateModified":"2023-04-07T21:01:28+00:00","breadcrumb":{"@id":"https:\/\/ecm-diag.com\/index.php\/diagnostics\/diagnostic-gaz\/#breadcrumb"},"inLanguage":"fr-FR","potentialAction":[{"@type":"ReadAction","target":["https:\/\/ecm-diag.com\/index.php\/diagnostics\/diagnostic-gaz\/"]}]},{"@type":"BreadcrumbList","@id":"https:\/\/ecm-diag.com\/index.php\/diagnostics\/diagnostic-gaz\/#breadcrumb","itemListElement":[{"@type":"ListItem","position":1,"name":"Accueil","item":"https:\/\/ecm-diag.com\/"},{"@type":"ListItem","position":2,"name":"Diagnostics","item":"https:\/\/ecm-diag.com\/index.php\/diagnostics\/"},{"@type":"ListItem","position":3,"name":"Diagnostic Gaz"}]},{"@type":"WebSite","@id":"https:\/\/ecm-diag.com\/#website","url":"https:\/\/ecm-diag.com\/","name":"ECM DIAG","description":"Diagnostics Immobiliers Marne la Vall\u00e9e","potentialAction":[{"@type":"SearchAction","target":{"@type":"EntryPoint","urlTemplate":"https:\/\/ecm-diag.com\/?s={search_term_string}"},"query-input":{"@type":"PropertyValueSpecification","valueRequired":true,"valueName":"search_term_string"}}],"inLanguage":"fr-FR"}]}},"jetpack_sharing_enabled":true,"_links":{"self":[{"href":"https:\/\/ecm-diag.com\/index.php\/wp-json\/wp\/v2\/pages\/7215","targetHints":{"allow":["GET"]}}],"collection":[{"href":"https:\/\/ecm-diag.com\/index.php\/wp-json\/wp\/v2\/pages"}],"about":[{"href":"https:\/\/ecm-diag.com\/index.php\/wp-json\/wp\/v2\/types\/page"}],"author":[{"embeddable":true,"href":"https:\/\/ecm-diag.com\/index.php\/wp-json\/wp\/v2\/users\/1"}],"replies":[{"embeddable":true,"href":"https:\/\/ecm-diag.com\/index.php\/wp-json\/wp\/v2\/comments?post=7215"}],"version-history":[{"count":6,"href":"https:\/\/ecm-diag.com\/index.php\/wp-json\/wp\/v2\/pages\/7215\/revisions"}],"predecessor-version":[{"id":7395,"href":"https:\/\/ecm-diag.com\/index.php\/wp-json\/wp\/v2\/pages\/7215\/revisions\/7395"}],"up":[{"embeddable":true,"href":"https:\/\/ecm-diag.com\/index.php\/wp-json\/wp\/v2\/pages\/7086"}],"wp:attachment":[{"href":"https:\/\/ecm-diag.com\/index.php\/wp-json\/wp\/v2\/media?parent=7215"}],"curies":[{"name":"wp","href":"https:\/\/api.w.org\/{rel}","templated":true}]}}