{"id":7217,"date":"2023-03-09T14:03:32","date_gmt":"2023-03-09T13:03:32","guid":{"rendered":"https:\/\/ecm-diag.com\/?page_id=7217"},"modified":"2023-04-12T22:33:16","modified_gmt":"2023-04-12T20:33:16","slug":"diagnostic-loi-boutin","status":"publish","type":"page","link":"https:\/\/ecm-diag.com\/index.php\/diagnostics\/diagnostic-loi-boutin\/","title":{"rendered":"Diagnostic Loi Boutin"},"content":{"rendered":"<section class=\"l-section wpb_row height_small\"><div class=\"l-section-h i-cf\"><div class=\"g-cols vc_row via_grid cols_2-1 laptops-cols_inherit tablets-cols_inherit mobiles-cols_1 valign_top type_default stacking_default\"><div class=\"wpb_column vc_column_container us_custom_f85fc1e7 has_bg_color\"><div class=\"vc_column-inner\"><div class=\"w-btn-wrapper align_left\"><a class=\"w-btn us-btn-style_2\" href=\"#\"><span class=\"w-btn-label\">Diagnostic<\/span><\/a><\/div><div class=\"w-separator size_small\"><\/div><div class=\"wpb_text_column\"><div class=\"wpb_wrapper\"><h2>Diagnostic Loi Boutin<\/h2>\n<p><strong>Dur\u00e9e d&rsquo;intervention : 1 heure<br \/>\nA partir de 110 \u20ac<br \/>\n<\/strong><\/p>\n<\/div><\/div><div class=\"w-separator size_small\"><\/div><div class=\"w-btn-wrapper align_left\"><a class=\"w-btn us-btn-style_26\" href=\"https:\/\/ecm-diag.com\/index.php\/devis\/\"><span class=\"w-btn-label\">Demande d&rsquo;intervention<\/span><\/a><\/div><\/div><\/div><div class=\"wpb_column vc_column_container us_custom_8c76880f\"><div class=\"vc_column-inner\"><div class=\"w-image us_custom_8c76880f align_none\"><div class=\"w-image-h\"><img loading=\"lazy\" decoding=\"async\" width=\"1024\" height=\"768\" src=\"https:\/\/ecm-diag.com\/wp-content\/uploads\/2023\/04\/centimeter-2261_1920-1024x768.jpg\" class=\"attachment-large size-large\" alt=\"\" srcset=\"https:\/\/ecm-diag.com\/wp-content\/uploads\/2023\/04\/centimeter-2261_1920-1024x768.jpg 1024w, https:\/\/ecm-diag.com\/wp-content\/uploads\/2023\/04\/centimeter-2261_1920-300x225.jpg 300w, https:\/\/ecm-diag.com\/wp-content\/uploads\/2023\/04\/centimeter-2261_1920-1536x1152.jpg 1536w, https:\/\/ecm-diag.com\/wp-content\/uploads\/2023\/04\/centimeter-2261_1920-600x450.jpg 600w, https:\/\/ecm-diag.com\/wp-content\/uploads\/2023\/04\/centimeter-2261_1920.jpg 1920w\" sizes=\"auto, (max-width: 1024px) 100vw, 1024px\" \/><\/div><\/div><\/div><\/div><\/div><\/div><\/section><section class=\"l-section wpb_row height_small\"><div class=\"l-section-h i-cf\"><div class=\"g-cols vc_row via_grid cols_1 laptops-cols_inherit tablets-cols_inherit mobiles-cols_1 valign_top type_default stacking_default\"><div class=\"wpb_column vc_column_container\"><div class=\"vc_column-inner\"><div class=\"wpb_text_column\"><div class=\"wpb_wrapper\"><p>Le diagnostic Loi boutin est effectu\u00e9 pour toutes les locations vides de maison ou appartement utilis\u00e9es comme r\u00e9sidence principale.<\/p>\n<p>Ne sont pas concern\u00e9s les locations meubl\u00e9es, secondaire et saisonni\u00e8re.<\/p>\n<\/div><\/div><div class=\"w-separator size_small\"><\/div><div class=\"w-tabs style_default switch_click accordion has_scrolling\" style=\"--sections-title-size:inherit\"><div class=\"w-tabs-sections titles-align_none icon_chevron cpos_right\"><div class=\"w-tabs-section\" id=\"cc71\"><button class=\"w-tabs-section-header\" aria-controls=\"content-cc71\" aria-expanded=\"false\"><div class=\"w-tabs-section-title\">Le Prix<\/div><div class=\"w-tabs-section-control\"><\/div><\/button><div  class=\"w-tabs-section-content\" id=\"content-cc71\"><div class=\"w-tabs-section-content-h i-cf\"><div class=\"wpb_text_column\"><div class=\"wpb_wrapper\"><p>Le prix d\u2019un diagnostic carrez se situe entre 100 et 150 euros. Cela va d\u00e9pendre de la surface de l\u2019habitation, de la localisation, du professionnel.<\/p>\n<\/div><\/div><\/div><\/div><\/div><div class=\"w-tabs-section\" id=\"dd5c\"><button class=\"w-tabs-section-header\" aria-controls=\"content-dd5c\" aria-expanded=\"false\"><div class=\"w-tabs-section-title\">Les logements concern\u00e9s<\/div><div class=\"w-tabs-section-control\"><\/div><\/button><div  class=\"w-tabs-section-content\" id=\"content-dd5c\"><div class=\"w-tabs-section-content-h i-cf\"><div class=\"wpb_text_column\"><div class=\"wpb_wrapper\"><p>Toutes les habitations destin\u00e9es \u00e0 la location.<\/p>\n<p>Cela ne concerne pas les locations meubl\u00e9s, secondaire et saisonni\u00e8res.<\/p>\n<\/div><\/div><\/div><\/div><\/div><div class=\"w-tabs-section\" id=\"he23\"><button class=\"w-tabs-section-header\" aria-controls=\"content-he23\" aria-expanded=\"false\"><div class=\"w-tabs-section-title\">Surface minimum pour la location<\/div><div class=\"w-tabs-section-control\"><\/div><\/button><div  class=\"w-tabs-section-content\" id=\"content-he23\"><div class=\"w-tabs-section-content-h i-cf\"><div class=\"wpb_text_column\"><div class=\"wpb_wrapper\"><p>Les logements disposant d\u2019une surface habitable au moins \u00e9gale \u00e0 9metres carr\u00e9s et une hauteur sous plafond au moins \u00e9gale \u00e0 2,20 m\u00e8tres soit un volume habitable minimum de 20 m\u00e8tres cubes.<\/p>\n<\/div><\/div><\/div><\/div><\/div><div class=\"w-tabs-section\" id=\"hed7\"><button class=\"w-tabs-section-header\" aria-controls=\"content-hed7\" aria-expanded=\"false\"><div class=\"w-tabs-section-title\">La dur\u00e9e de validit\u00e9 d\u2019un diagnostic Loi Boutin<\/div><div class=\"w-tabs-section-control\"><\/div><\/button><div  class=\"w-tabs-section-content\" id=\"content-hed7\"><div class=\"w-tabs-section-content-h i-cf\"><div class=\"wpb_text_column\"><div class=\"wpb_wrapper\"><p>Le diagnostic loi Boutin est valable \u00e0 dur\u00e9e illimit\u00e9 tant que le logement n\u2019a pas subi de modification (agrandissement, am\u00e9nagement des combles, installation d\u2019une v\u00e9randa\u2026)<\/p>\n<\/div><\/div><\/div><\/div><\/div><div class=\"w-tabs-section\" id=\"g047\"><button class=\"w-tabs-section-header\" aria-controls=\"content-g047\" aria-expanded=\"false\"><div class=\"w-tabs-section-title\">Diff\u00e9rence entre la loi carrez et la loi Boutin<\/div><div class=\"w-tabs-section-control\"><\/div><\/button><div  class=\"w-tabs-section-content\" id=\"content-g047\"><div class=\"w-tabs-section-content-h i-cf\"><div class=\"wpb_text_column\"><div class=\"wpb_wrapper\"><p>La loi carrez correspond \u00e0 la superficie privative alors que la loi Boutin indique la surface habitable d\u2019un bien immobilier.<\/p>\n<table border=\"1\" width=\"604\" cellspacing=\"0\" cellpadding=\"7\">\n<tbody>\n<tr valign=\"TOP\">\n<td width=\"186\">Parties prisent en compte<\/td>\n<td width=\"187\">Surface loi Carrez<\/td>\n<td width=\"186\">Mesurage Loi Boutin<\/td>\n<\/tr>\n<tr valign=\"TOP\">\n<td width=\"186\">Terrasse, Balcons<\/td>\n<td width=\"187\">Non<\/td>\n<td width=\"186\">Non<\/td>\n<\/tr>\n<tr valign=\"TOP\">\n<td width=\"186\">Caves, Garages, Parkings<\/td>\n<td width=\"187\">Non<\/td>\n<td width=\"186\">Non<\/td>\n<\/tr>\n<tr valign=\"TOP\">\n<td width=\"186\">Comble am\u00e9nag\u00e9s<\/td>\n<td width=\"187\">Oui<\/td>\n<td width=\"186\">Oui<\/td>\n<\/tr>\n<tr valign=\"TOP\">\n<td width=\"186\">Sous-sols autre que garage, caves<\/td>\n<td width=\"187\">Oui<\/td>\n<td width=\"186\">Non<\/td>\n<\/tr>\n<tr valign=\"TOP\">\n<td width=\"186\">Comble non am\u00e9nag\u00e9s<\/td>\n<td width=\"187\">Oui<\/td>\n<td width=\"186\">Non<\/td>\n<\/tr>\n<tr valign=\"TOP\">\n<td width=\"186\">Greniers<\/td>\n<td width=\"187\">Oui<\/td>\n<td width=\"186\">Non<\/td>\n<\/tr>\n<tr valign=\"TOP\">\n<td width=\"186\">Remises<\/td>\n<td width=\"187\">Oui<\/td>\n<td width=\"186\">Non<\/td>\n<\/tr>\n<tr valign=\"TOP\">\n<td width=\"186\">R\u00e9serves<\/td>\n<td width=\"187\">Oui<\/td>\n<td width=\"186\">Non<\/td>\n<\/tr>\n<tr valign=\"TOP\">\n<td width=\"186\">V\u00e9randas<\/td>\n<td width=\"187\">Oui<\/td>\n<td width=\"186\">Non<\/td>\n<\/tr>\n<tr valign=\"TOP\">\n<td width=\"186\">Surface &lt;1m80<\/td>\n<td width=\"187\">Non<\/td>\n<td width=\"186\">Non<\/td>\n<\/tr>\n<\/tbody>\n<\/table>\n<\/div><\/div><\/div><\/div><\/div><\/div><\/div><div class=\"w-separator size_small\"><\/div><\/div><\/div><\/div><\/div><\/section><section class=\"l-section wpb_row us_custom_6df4bc3a has_text_color height_auto with_img\"><div class=\"l-section-img\" data-img-width=\"1265\" data-img-height=\"513\" style=\"background-image: url(https:\/\/ecm-diag.com\/wp-content\/uploads\/2023\/03\/bloc-tel.png);background-repeat: no-repeat;background-size: contain;\"><\/div><div class=\"l-section-h i-cf\"><div class=\"g-cols vc_row via_grid cols_1 laptops-cols_inherit tablets-cols_inherit mobiles-cols_1 valign_top type_default stacking_default\"><div class=\"wpb_column vc_column_container\"><div class=\"vc_column-inner\"><div class=\"w-separator size_huge\"><\/div><div class=\"wpb_text_column\"><div class=\"wpb_wrapper\"><h3 style=\"text-align: center;\">Appelez-nous aujourd&rsquo;hui au 07.62.70.25.27<br \/>\n\u00e9crivez-nous \u00e0 contact@ecm-diag.com<\/h3>\n<p style=\"text-align: center;\">Vous cherchez un diagnostiqueur rigoureux<\/p>\n<\/div><\/div><div class=\"w-separator size_medium\"><\/div><div class=\"w-btn-wrapper align_center\"><a class=\"w-btn us-btn-style_4\" title=\"Diagnostic Loi Boutin\" href=\"https:\/\/ecm-diag.com\/index.php\/contact\/\"><span class=\"w-btn-label\">Contact<\/span><\/a><\/div><div class=\"w-separator size_huge\"><\/div><\/div><\/div><\/div><\/div><\/section><section class=\"l-section wpb_row height_custom\"><div class=\"l-section-h i-cf\"><div class=\"g-cols vc_row via_grid cols_1 laptops-cols_inherit tablets-cols_inherit mobiles-cols_1 valign_top type_default stacking_default\"><div class=\"wpb_column vc_column_container\"><div class=\"vc_column-inner\"><div class=\"w-separator size_small\"><\/div><\/div><\/div><\/div><\/div><\/section>\n","protected":false},"excerpt":{"rendered":"DiagnosticDiagnostic Loi Boutin Dur\u00e9e d&rsquo;intervention : 1 heure A partir de 110 \u20ac Demande d&rsquo;interventionLe diagnostic Loi boutin est effectu\u00e9 pour toutes les locations vides de maison ou appartement utilis\u00e9es comme r\u00e9sidence principale. Ne sont pas concern\u00e9s les locations meubl\u00e9es, secondaire et saisonni\u00e8re. Le PrixLe prix d\u2019un diagnostic carrez se situe entre 100 et 150...","protected":false},"author":1,"featured_media":0,"parent":7086,"menu_order":0,"comment_status":"closed","ping_status":"closed","template":"","meta":{"footnotes":""},"class_list":["post-7217","page","type-page","status-publish","hentry"],"acf":[],"yoast_head":"<!-- This site is optimized with the Yoast SEO plugin v26.4 - https:\/\/yoast.com\/wordpress\/plugins\/seo\/ -->\n<title>Diagnostic Loi Boutin - ECM DIAG<\/title>\n<meta name=\"robots\" content=\"index, follow, max-snippet:-1, max-image-preview:large, max-video-preview:-1\" \/>\n<link rel=\"canonical\" href=\"https:\/\/ecm-diag.com\/index.php\/diagnostics\/diagnostic-loi-boutin\/\" \/>\n<meta property=\"og:locale\" content=\"fr_FR\" \/>\n<meta property=\"og:type\" content=\"article\" \/>\n<meta property=\"og:title\" content=\"Diagnostic Loi Boutin - ECM DIAG\" \/>\n<meta property=\"og:url\" content=\"https:\/\/ecm-diag.com\/index.php\/diagnostics\/diagnostic-loi-boutin\/\" \/>\n<meta property=\"og:site_name\" content=\"ECM DIAG\" \/>\n<meta property=\"article:modified_time\" content=\"2023-04-12T20:33:16+00:00\" \/>\n<meta name=\"twitter:card\" content=\"summary_large_image\" \/>\n<meta name=\"twitter:label1\" content=\"Dur\u00e9e de lecture estim\u00e9e\" \/>\n\t<meta name=\"twitter:data1\" content=\"2 minutes\" \/>\n<script type=\"application\/ld+json\" class=\"yoast-schema-graph\">{\"@context\":\"https:\/\/schema.org\",\"@graph\":[{\"@type\":\"WebPage\",\"@id\":\"https:\/\/ecm-diag.com\/index.php\/diagnostics\/diagnostic-loi-boutin\/\",\"url\":\"https:\/\/ecm-diag.com\/index.php\/diagnostics\/diagnostic-loi-boutin\/\",\"name\":\"Diagnostic Loi Boutin - ECM DIAG\",\"isPartOf\":{\"@id\":\"https:\/\/ecm-diag.com\/#website\"},\"datePublished\":\"2023-03-09T13:03:32+00:00\",\"dateModified\":\"2023-04-12T20:33:16+00:00\",\"breadcrumb\":{\"@id\":\"https:\/\/ecm-diag.com\/index.php\/diagnostics\/diagnostic-loi-boutin\/#breadcrumb\"},\"inLanguage\":\"fr-FR\",\"potentialAction\":[{\"@type\":\"ReadAction\",\"target\":[\"https:\/\/ecm-diag.com\/index.php\/diagnostics\/diagnostic-loi-boutin\/\"]}]},{\"@type\":\"BreadcrumbList\",\"@id\":\"https:\/\/ecm-diag.com\/index.php\/diagnostics\/diagnostic-loi-boutin\/#breadcrumb\",\"itemListElement\":[{\"@type\":\"ListItem\",\"position\":1,\"name\":\"Accueil\",\"item\":\"https:\/\/ecm-diag.com\/\"},{\"@type\":\"ListItem\",\"position\":2,\"name\":\"Diagnostics\",\"item\":\"https:\/\/ecm-diag.com\/index.php\/diagnostics\/\"},{\"@type\":\"ListItem\",\"position\":3,\"name\":\"Diagnostic Loi Boutin\"}]},{\"@type\":\"WebSite\",\"@id\":\"https:\/\/ecm-diag.com\/#website\",\"url\":\"https:\/\/ecm-diag.com\/\",\"name\":\"ECM DIAG\",\"description\":\"Diagnostics Immobiliers Marne la Vall\u00e9e\",\"potentialAction\":[{\"@type\":\"SearchAction\",\"target\":{\"@type\":\"EntryPoint\",\"urlTemplate\":\"https:\/\/ecm-diag.com\/?s={search_term_string}\"},\"query-input\":{\"@type\":\"PropertyValueSpecification\",\"valueRequired\":true,\"valueName\":\"search_term_string\"}}],\"inLanguage\":\"fr-FR\"}]}<\/script>\n<!-- \/ Yoast SEO plugin. -->","yoast_head_json":{"title":"Diagnostic Loi Boutin - ECM DIAG","robots":{"index":"index","follow":"follow","max-snippet":"max-snippet:-1","max-image-preview":"max-image-preview:large","max-video-preview":"max-video-preview:-1"},"canonical":"https:\/\/ecm-diag.com\/index.php\/diagnostics\/diagnostic-loi-boutin\/","og_locale":"fr_FR","og_type":"article","og_title":"Diagnostic Loi Boutin - ECM DIAG","og_url":"https:\/\/ecm-diag.com\/index.php\/diagnostics\/diagnostic-loi-boutin\/","og_site_name":"ECM DIAG","article_modified_time":"2023-04-12T20:33:16+00:00","twitter_card":"summary_large_image","twitter_misc":{"Dur\u00e9e de lecture estim\u00e9e":"2 minutes"},"schema":{"@context":"https:\/\/schema.org","@graph":[{"@type":"WebPage","@id":"https:\/\/ecm-diag.com\/index.php\/diagnostics\/diagnostic-loi-boutin\/","url":"https:\/\/ecm-diag.com\/index.php\/diagnostics\/diagnostic-loi-boutin\/","name":"Diagnostic Loi Boutin - ECM DIAG","isPartOf":{"@id":"https:\/\/ecm-diag.com\/#website"},"datePublished":"2023-03-09T13:03:32+00:00","dateModified":"2023-04-12T20:33:16+00:00","breadcrumb":{"@id":"https:\/\/ecm-diag.com\/index.php\/diagnostics\/diagnostic-loi-boutin\/#breadcrumb"},"inLanguage":"fr-FR","potentialAction":[{"@type":"ReadAction","target":["https:\/\/ecm-diag.com\/index.php\/diagnostics\/diagnostic-loi-boutin\/"]}]},{"@type":"BreadcrumbList","@id":"https:\/\/ecm-diag.com\/index.php\/diagnostics\/diagnostic-loi-boutin\/#breadcrumb","itemListElement":[{"@type":"ListItem","position":1,"name":"Accueil","item":"https:\/\/ecm-diag.com\/"},{"@type":"ListItem","position":2,"name":"Diagnostics","item":"https:\/\/ecm-diag.com\/index.php\/diagnostics\/"},{"@type":"ListItem","position":3,"name":"Diagnostic Loi Boutin"}]},{"@type":"WebSite","@id":"https:\/\/ecm-diag.com\/#website","url":"https:\/\/ecm-diag.com\/","name":"ECM DIAG","description":"Diagnostics Immobiliers Marne la Vall\u00e9e","potentialAction":[{"@type":"SearchAction","target":{"@type":"EntryPoint","urlTemplate":"https:\/\/ecm-diag.com\/?s={search_term_string}"},"query-input":{"@type":"PropertyValueSpecification","valueRequired":true,"valueName":"search_term_string"}}],"inLanguage":"fr-FR"}]}},"jetpack_sharing_enabled":true,"_links":{"self":[{"href":"https:\/\/ecm-diag.com\/index.php\/wp-json\/wp\/v2\/pages\/7217","targetHints":{"allow":["GET"]}}],"collection":[{"href":"https:\/\/ecm-diag.com\/index.php\/wp-json\/wp\/v2\/pages"}],"about":[{"href":"https:\/\/ecm-diag.com\/index.php\/wp-json\/wp\/v2\/types\/page"}],"author":[{"embeddable":true,"href":"https:\/\/ecm-diag.com\/index.php\/wp-json\/wp\/v2\/users\/1"}],"replies":[{"embeddable":true,"href":"https:\/\/ecm-diag.com\/index.php\/wp-json\/wp\/v2\/comments?post=7217"}],"version-history":[{"count":5,"href":"https:\/\/ecm-diag.com\/index.php\/wp-json\/wp\/v2\/pages\/7217\/revisions"}],"predecessor-version":[{"id":7405,"href":"https:\/\/ecm-diag.com\/index.php\/wp-json\/wp\/v2\/pages\/7217\/revisions\/7405"}],"up":[{"embeddable":true,"href":"https:\/\/ecm-diag.com\/index.php\/wp-json\/wp\/v2\/pages\/7086"}],"wp:attachment":[{"href":"https:\/\/ecm-diag.com\/index.php\/wp-json\/wp\/v2\/media?parent=7217"}],"curies":[{"name":"wp","href":"https:\/\/api.w.org\/{rel}","templated":true}]}}