{"id":7220,"date":"2023-03-09T14:03:43","date_gmt":"2023-03-09T13:03:43","guid":{"rendered":"https:\/\/ecm-diag.com\/?page_id=7220"},"modified":"2023-04-12T22:34:59","modified_gmt":"2023-04-12T20:34:59","slug":"diagnostic-loi-carrez","status":"publish","type":"page","link":"https:\/\/ecm-diag.com\/index.php\/diagnostics\/diagnostic-loi-carrez\/","title":{"rendered":"Diagnostic Loi Carrez"},"content":{"rendered":"<section class=\"l-section wpb_row height_small\"><div class=\"l-section-h i-cf\"><div class=\"g-cols vc_row via_grid cols_2-1 laptops-cols_inherit tablets-cols_inherit mobiles-cols_1 valign_top type_default stacking_default\"><div class=\"wpb_column vc_column_container us_custom_f85fc1e7 has_bg_color\"><div class=\"vc_column-inner\"><div class=\"w-btn-wrapper align_left\"><a class=\"w-btn us-btn-style_2\" href=\"#\"><span class=\"w-btn-label\">Diagnostic<\/span><\/a><\/div><div class=\"w-separator size_small\"><\/div><div class=\"wpb_text_column\"><div class=\"wpb_wrapper\"><h2>Diagnostic Loi Carrez<\/h2>\n<p><strong>Dur\u00e9e d&rsquo;intervention : 1 heure<br \/>\nA partir de 110 \u20ac<br \/>\n<\/strong><\/p>\n<\/div><\/div><div class=\"w-separator size_small\"><\/div><div class=\"w-btn-wrapper align_left\"><a class=\"w-btn us-btn-style_26\" href=\"https:\/\/ecm-diag.com\/index.php\/devis\/\"><span class=\"w-btn-label\">Demande d&rsquo;intervention<\/span><\/a><\/div><\/div><\/div><div class=\"wpb_column vc_column_container us_custom_8c76880f\"><div class=\"vc_column-inner\"><div class=\"w-image us_custom_8c76880f align_none\"><div class=\"w-image-h\"><img loading=\"lazy\" decoding=\"async\" width=\"1024\" height=\"683\" src=\"https:\/\/ecm-diag.com\/wp-content\/uploads\/2023\/04\/measuring-tape-789899_1920-1024x683.jpg\" class=\"attachment-large size-large\" alt=\"\" srcset=\"https:\/\/ecm-diag.com\/wp-content\/uploads\/2023\/04\/measuring-tape-789899_1920-1024x683.jpg 1024w, https:\/\/ecm-diag.com\/wp-content\/uploads\/2023\/04\/measuring-tape-789899_1920-300x200.jpg 300w, https:\/\/ecm-diag.com\/wp-content\/uploads\/2023\/04\/measuring-tape-789899_1920-1536x1024.jpg 1536w, https:\/\/ecm-diag.com\/wp-content\/uploads\/2023\/04\/measuring-tape-789899_1920-600x400.jpg 600w, https:\/\/ecm-diag.com\/wp-content\/uploads\/2023\/04\/measuring-tape-789899_1920.jpg 1920w\" sizes=\"auto, (max-width: 1024px) 100vw, 1024px\" \/><\/div><\/div><\/div><\/div><\/div><\/div><\/section><section class=\"l-section wpb_row height_small\"><div class=\"l-section-h i-cf\"><div class=\"g-cols vc_row via_grid cols_1 laptops-cols_inherit tablets-cols_inherit mobiles-cols_1 valign_top type_default stacking_default\"><div class=\"wpb_column vc_column_container\"><div class=\"vc_column-inner\"><div class=\"wpb_text_column\"><div class=\"wpb_wrapper\"><p>Le diagnostic Loi Carrez est effectu\u00e9 pour toute vente en copropri\u00e9t\u00e9 d&rsquo;un logement ou d&rsquo;un local professionnel de plus de 8m\u00b2 afin que le futur acqu\u00e9reur ait connaissance de sa surface privative le plus pr\u00e9cis\u00e9ment possible. Les surfaces prisent en compte sont les surfaces de plancher des pi\u00e8ces closes et couverts de plus de 1.80m de hauteur. Une v\u00e9randa, un grenier, des combles am\u00e9nag\u00e9s ou non, les remises, les sous-sols sont \u00e0 prendre en consid\u00e9ration contrairement aux garages et aux caves.<\/p>\n<\/div><\/div><div class=\"w-separator size_small\"><\/div><div class=\"w-tabs style_default switch_click accordion has_scrolling\" style=\"--sections-title-size:inherit\"><div class=\"w-tabs-sections titles-align_none icon_chevron cpos_right\"><div class=\"w-tabs-section\" id=\"ma15\"><button class=\"w-tabs-section-header\" aria-controls=\"content-ma15\" aria-expanded=\"false\"><div class=\"w-tabs-section-title\">Le Prix<\/div><div class=\"w-tabs-section-control\"><\/div><\/button><div  class=\"w-tabs-section-content\" id=\"content-ma15\"><div class=\"w-tabs-section-content-h i-cf\"><div class=\"wpb_text_column\"><div class=\"wpb_wrapper\"><p>Le prix d\u2019un diagnostic carrez se situe entre 100 et 150 euros. Cela va d\u00e9pendre de la surface de l\u2019habitation, de la localisation, du professionnel.<\/p>\n<\/div><\/div><\/div><\/div><\/div><div class=\"w-tabs-section\" id=\"sb26\"><button class=\"w-tabs-section-header\" aria-controls=\"content-sb26\" aria-expanded=\"false\"><div class=\"w-tabs-section-title\">Les logements concern\u00e9s<\/div><div class=\"w-tabs-section-control\"><\/div><\/button><div  class=\"w-tabs-section-content\" id=\"content-sb26\"><div class=\"w-tabs-section-content-h i-cf\"><div class=\"wpb_text_column\"><div class=\"wpb_wrapper\"><p>Tout lot en copropri\u00e9t\u00e9 de plus de 8m2.<\/p>\n<\/div><\/div><\/div><\/div><\/div><div class=\"w-tabs-section\" id=\"bc31\"><button class=\"w-tabs-section-header\" aria-controls=\"content-bc31\" aria-expanded=\"false\"><div class=\"w-tabs-section-title\">La dur\u00e9e de validit\u00e9 d\u2019un diagnostic Carrez<\/div><div class=\"w-tabs-section-control\"><\/div><\/button><div  class=\"w-tabs-section-content\" id=\"content-bc31\"><div class=\"w-tabs-section-content-h i-cf\"><div class=\"wpb_text_column\"><div class=\"wpb_wrapper\"><p>Le diagnostic Carrez a une dur\u00e9e de validit\u00e9 illimit\u00e9e, cependant si des travaux ont \u00e9t\u00e9 r\u00e9alis\u00e9 impactant la surface il faudra r\u00e9aliser un nouveau diagnostic.<\/p>\n<\/div><\/div><\/div><\/div><\/div><div class=\"w-tabs-section\" id=\"od2b\"><button class=\"w-tabs-section-header\" aria-controls=\"content-od2b\" aria-expanded=\"false\"><div class=\"w-tabs-section-title\">Erreur de mesurage diagnostic Carrez<\/div><div class=\"w-tabs-section-control\"><\/div><\/button><div  class=\"w-tabs-section-content\" id=\"content-od2b\"><div class=\"w-tabs-section-content-h i-cf\"><div class=\"wpb_text_column\"><div class=\"wpb_wrapper\"><p>La loi tol\u00e8re une marge d\u2019erreur inf\u00e9rieur de 5% au b\u00e9n\u00e9fice du vendeur.<\/p>\n<\/div><\/div><\/div><\/div><\/div><div class=\"w-tabs-section\" id=\"df1b\"><button class=\"w-tabs-section-header\" aria-controls=\"content-df1b\" aria-expanded=\"false\"><div class=\"w-tabs-section-title\">Diff\u00e9rence entre la loi carrez et la loi Boutin<\/div><div class=\"w-tabs-section-control\"><\/div><\/button><div  class=\"w-tabs-section-content\" id=\"content-df1b\"><div class=\"w-tabs-section-content-h i-cf\"><div class=\"wpb_text_column\"><div class=\"wpb_wrapper\"><p>La loi carrez correspond \u00e0 la superficie privative alors que la loi Boutin indique la surface habitable d\u2019un bien immobilier.<\/p>\n<table border=\"1\" width=\"604\" cellspacing=\"0\" cellpadding=\"7\">\n<tbody>\n<tr valign=\"TOP\">\n<td width=\"186\">Parties prisent en compte<\/td>\n<td width=\"187\">Surface loi Carrez<\/td>\n<td width=\"186\">Mesurage Loi Boutin<\/td>\n<\/tr>\n<tr valign=\"TOP\">\n<td width=\"186\">Terrasse, Balcons<\/td>\n<td width=\"187\">Non<\/td>\n<td width=\"186\">Non<\/td>\n<\/tr>\n<tr valign=\"TOP\">\n<td width=\"186\">Caves, Garages, Parkings<\/td>\n<td width=\"187\">Non<\/td>\n<td width=\"186\">Non<\/td>\n<\/tr>\n<tr valign=\"TOP\">\n<td width=\"186\">Comble am\u00e9nag\u00e9s<\/td>\n<td width=\"187\">Oui<\/td>\n<td width=\"186\">Oui<\/td>\n<\/tr>\n<tr valign=\"TOP\">\n<td width=\"186\">Sous-sols autre que garage, caves<\/td>\n<td width=\"187\">Oui<\/td>\n<td width=\"186\">Non<\/td>\n<\/tr>\n<tr valign=\"TOP\">\n<td width=\"186\">Comble non am\u00e9nag\u00e9s<\/td>\n<td width=\"187\">Oui<\/td>\n<td width=\"186\">Non<\/td>\n<\/tr>\n<tr valign=\"TOP\">\n<td width=\"186\">Greniers<\/td>\n<td width=\"187\">Oui<\/td>\n<td width=\"186\">Non<\/td>\n<\/tr>\n<tr valign=\"TOP\">\n<td width=\"186\">Remises<\/td>\n<td width=\"187\">Oui<\/td>\n<td width=\"186\">Non<\/td>\n<\/tr>\n<tr valign=\"TOP\">\n<td width=\"186\">R\u00e9serves<\/td>\n<td width=\"187\">Oui<\/td>\n<td width=\"186\">Non<\/td>\n<\/tr>\n<tr valign=\"TOP\">\n<td width=\"186\">V\u00e9randas<\/td>\n<td width=\"187\">Oui<\/td>\n<td width=\"186\">Non<\/td>\n<\/tr>\n<tr valign=\"TOP\">\n<td width=\"186\">Surface &lt;1m80<\/td>\n<td width=\"187\">Non<\/td>\n<td width=\"186\">Non<\/td>\n<\/tr>\n<\/tbody>\n<\/table>\n<\/div><\/div><\/div><\/div><\/div><\/div><\/div><div class=\"w-separator size_small\"><\/div><\/div><\/div><\/div><\/div><\/section><section class=\"l-section wpb_row us_custom_6df4bc3a has_text_color height_auto with_img\"><div class=\"l-section-img\" data-img-width=\"1265\" data-img-height=\"513\" style=\"background-image: url(https:\/\/ecm-diag.com\/wp-content\/uploads\/2023\/03\/bloc-tel.png);background-repeat: no-repeat;background-size: contain;\"><\/div><div class=\"l-section-h i-cf\"><div class=\"g-cols vc_row via_grid cols_1 laptops-cols_inherit tablets-cols_inherit mobiles-cols_1 valign_top type_default stacking_default\"><div class=\"wpb_column vc_column_container\"><div class=\"vc_column-inner\"><div class=\"w-separator size_huge\"><\/div><div class=\"wpb_text_column\"><div class=\"wpb_wrapper\"><h3 style=\"text-align: center;\">Appelez-nous aujourd&rsquo;hui au 07.62.70.25.27<br \/>\n\u00e9crivez-nous \u00e0 contact@ecm-diag.com<\/h3>\n<p style=\"text-align: center;\">Vous cherchez un diagnostiqueur rigoureux<\/p>\n<\/div><\/div><div class=\"w-separator size_medium\"><\/div><div class=\"w-btn-wrapper align_center\"><a class=\"w-btn us-btn-style_4\" title=\"Diagnostic Loi Boutin\" href=\"https:\/\/ecm-diag.com\/index.php\/contact\/\"><span class=\"w-btn-label\">Contact<\/span><\/a><\/div><div class=\"w-separator size_huge\"><\/div><\/div><\/div><\/div><\/div><\/section><section class=\"l-section wpb_row height_custom\"><div class=\"l-section-h i-cf\"><div class=\"g-cols vc_row via_grid cols_1 laptops-cols_inherit tablets-cols_inherit mobiles-cols_1 valign_top type_default stacking_default\"><div class=\"wpb_column vc_column_container\"><div class=\"vc_column-inner\"><div class=\"w-separator size_small\"><\/div><\/div><\/div><\/div><\/div><\/section>\n","protected":false},"excerpt":{"rendered":"DiagnosticDiagnostic Loi Carrez Dur\u00e9e d&rsquo;intervention : 1 heure A partir de 110 \u20ac Demande d&rsquo;interventionLe diagnostic Loi Carrez est effectu\u00e9 pour toute vente en copropri\u00e9t\u00e9 d&rsquo;un logement ou d&rsquo;un local professionnel de plus de 8m\u00b2 afin que le futur acqu\u00e9reur ait connaissance de sa surface privative le plus pr\u00e9cis\u00e9ment possible. Les surfaces prisent en compte...","protected":false},"author":1,"featured_media":0,"parent":7086,"menu_order":0,"comment_status":"closed","ping_status":"closed","template":"","meta":{"footnotes":""},"class_list":["post-7220","page","type-page","status-publish","hentry"],"acf":[],"yoast_head":"<!-- This site is optimized with the Yoast SEO plugin v26.4 - https:\/\/yoast.com\/wordpress\/plugins\/seo\/ -->\n<title>Diagnostic Loi Carrez - ECM DIAG<\/title>\n<meta name=\"robots\" content=\"index, follow, max-snippet:-1, max-image-preview:large, max-video-preview:-1\" \/>\n<link rel=\"canonical\" href=\"https:\/\/ecm-diag.com\/index.php\/diagnostics\/diagnostic-loi-carrez\/\" \/>\n<meta property=\"og:locale\" content=\"fr_FR\" \/>\n<meta property=\"og:type\" content=\"article\" \/>\n<meta property=\"og:title\" content=\"Diagnostic Loi Carrez - ECM DIAG\" \/>\n<meta property=\"og:url\" content=\"https:\/\/ecm-diag.com\/index.php\/diagnostics\/diagnostic-loi-carrez\/\" \/>\n<meta property=\"og:site_name\" content=\"ECM DIAG\" \/>\n<meta property=\"article:modified_time\" content=\"2023-04-12T20:34:59+00:00\" \/>\n<meta name=\"twitter:card\" content=\"summary_large_image\" \/>\n<meta name=\"twitter:label1\" content=\"Dur\u00e9e de lecture estim\u00e9e\" \/>\n\t<meta name=\"twitter:data1\" content=\"2 minutes\" \/>\n<script type=\"application\/ld+json\" class=\"yoast-schema-graph\">{\"@context\":\"https:\/\/schema.org\",\"@graph\":[{\"@type\":\"WebPage\",\"@id\":\"https:\/\/ecm-diag.com\/index.php\/diagnostics\/diagnostic-loi-carrez\/\",\"url\":\"https:\/\/ecm-diag.com\/index.php\/diagnostics\/diagnostic-loi-carrez\/\",\"name\":\"Diagnostic Loi Carrez - ECM DIAG\",\"isPartOf\":{\"@id\":\"https:\/\/ecm-diag.com\/#website\"},\"datePublished\":\"2023-03-09T13:03:43+00:00\",\"dateModified\":\"2023-04-12T20:34:59+00:00\",\"breadcrumb\":{\"@id\":\"https:\/\/ecm-diag.com\/index.php\/diagnostics\/diagnostic-loi-carrez\/#breadcrumb\"},\"inLanguage\":\"fr-FR\",\"potentialAction\":[{\"@type\":\"ReadAction\",\"target\":[\"https:\/\/ecm-diag.com\/index.php\/diagnostics\/diagnostic-loi-carrez\/\"]}]},{\"@type\":\"BreadcrumbList\",\"@id\":\"https:\/\/ecm-diag.com\/index.php\/diagnostics\/diagnostic-loi-carrez\/#breadcrumb\",\"itemListElement\":[{\"@type\":\"ListItem\",\"position\":1,\"name\":\"Accueil\",\"item\":\"https:\/\/ecm-diag.com\/\"},{\"@type\":\"ListItem\",\"position\":2,\"name\":\"Diagnostics\",\"item\":\"https:\/\/ecm-diag.com\/index.php\/diagnostics\/\"},{\"@type\":\"ListItem\",\"position\":3,\"name\":\"Diagnostic Loi Carrez\"}]},{\"@type\":\"WebSite\",\"@id\":\"https:\/\/ecm-diag.com\/#website\",\"url\":\"https:\/\/ecm-diag.com\/\",\"name\":\"ECM DIAG\",\"description\":\"Diagnostics Immobiliers Marne la Vall\u00e9e\",\"potentialAction\":[{\"@type\":\"SearchAction\",\"target\":{\"@type\":\"EntryPoint\",\"urlTemplate\":\"https:\/\/ecm-diag.com\/?s={search_term_string}\"},\"query-input\":{\"@type\":\"PropertyValueSpecification\",\"valueRequired\":true,\"valueName\":\"search_term_string\"}}],\"inLanguage\":\"fr-FR\"}]}<\/script>\n<!-- \/ Yoast SEO plugin. -->","yoast_head_json":{"title":"Diagnostic Loi Carrez - ECM DIAG","robots":{"index":"index","follow":"follow","max-snippet":"max-snippet:-1","max-image-preview":"max-image-preview:large","max-video-preview":"max-video-preview:-1"},"canonical":"https:\/\/ecm-diag.com\/index.php\/diagnostics\/diagnostic-loi-carrez\/","og_locale":"fr_FR","og_type":"article","og_title":"Diagnostic Loi Carrez - ECM DIAG","og_url":"https:\/\/ecm-diag.com\/index.php\/diagnostics\/diagnostic-loi-carrez\/","og_site_name":"ECM DIAG","article_modified_time":"2023-04-12T20:34:59+00:00","twitter_card":"summary_large_image","twitter_misc":{"Dur\u00e9e de lecture estim\u00e9e":"2 minutes"},"schema":{"@context":"https:\/\/schema.org","@graph":[{"@type":"WebPage","@id":"https:\/\/ecm-diag.com\/index.php\/diagnostics\/diagnostic-loi-carrez\/","url":"https:\/\/ecm-diag.com\/index.php\/diagnostics\/diagnostic-loi-carrez\/","name":"Diagnostic Loi Carrez - ECM DIAG","isPartOf":{"@id":"https:\/\/ecm-diag.com\/#website"},"datePublished":"2023-03-09T13:03:43+00:00","dateModified":"2023-04-12T20:34:59+00:00","breadcrumb":{"@id":"https:\/\/ecm-diag.com\/index.php\/diagnostics\/diagnostic-loi-carrez\/#breadcrumb"},"inLanguage":"fr-FR","potentialAction":[{"@type":"ReadAction","target":["https:\/\/ecm-diag.com\/index.php\/diagnostics\/diagnostic-loi-carrez\/"]}]},{"@type":"BreadcrumbList","@id":"https:\/\/ecm-diag.com\/index.php\/diagnostics\/diagnostic-loi-carrez\/#breadcrumb","itemListElement":[{"@type":"ListItem","position":1,"name":"Accueil","item":"https:\/\/ecm-diag.com\/"},{"@type":"ListItem","position":2,"name":"Diagnostics","item":"https:\/\/ecm-diag.com\/index.php\/diagnostics\/"},{"@type":"ListItem","position":3,"name":"Diagnostic Loi Carrez"}]},{"@type":"WebSite","@id":"https:\/\/ecm-diag.com\/#website","url":"https:\/\/ecm-diag.com\/","name":"ECM DIAG","description":"Diagnostics Immobiliers Marne la Vall\u00e9e","potentialAction":[{"@type":"SearchAction","target":{"@type":"EntryPoint","urlTemplate":"https:\/\/ecm-diag.com\/?s={search_term_string}"},"query-input":{"@type":"PropertyValueSpecification","valueRequired":true,"valueName":"search_term_string"}}],"inLanguage":"fr-FR"}]}},"jetpack_sharing_enabled":true,"_links":{"self":[{"href":"https:\/\/ecm-diag.com\/index.php\/wp-json\/wp\/v2\/pages\/7220","targetHints":{"allow":["GET"]}}],"collection":[{"href":"https:\/\/ecm-diag.com\/index.php\/wp-json\/wp\/v2\/pages"}],"about":[{"href":"https:\/\/ecm-diag.com\/index.php\/wp-json\/wp\/v2\/types\/page"}],"author":[{"embeddable":true,"href":"https:\/\/ecm-diag.com\/index.php\/wp-json\/wp\/v2\/users\/1"}],"replies":[{"embeddable":true,"href":"https:\/\/ecm-diag.com\/index.php\/wp-json\/wp\/v2\/comments?post=7220"}],"version-history":[{"count":5,"href":"https:\/\/ecm-diag.com\/index.php\/wp-json\/wp\/v2\/pages\/7220\/revisions"}],"predecessor-version":[{"id":7407,"href":"https:\/\/ecm-diag.com\/index.php\/wp-json\/wp\/v2\/pages\/7220\/revisions\/7407"}],"up":[{"embeddable":true,"href":"https:\/\/ecm-diag.com\/index.php\/wp-json\/wp\/v2\/pages\/7086"}],"wp:attachment":[{"href":"https:\/\/ecm-diag.com\/index.php\/wp-json\/wp\/v2\/media?parent=7220"}],"curies":[{"name":"wp","href":"https:\/\/api.w.org\/{rel}","templated":true}]}}