{"id":7484,"date":"2026-01-15T10:51:19","date_gmt":"2026-01-15T09:51:19","guid":{"rendered":"https:\/\/ecm-diag.com\/?page_id=7484"},"modified":"2026-01-22T08:36:17","modified_gmt":"2026-01-22T07:36:17","slug":"etats-des-lieux","status":"publish","type":"page","link":"https:\/\/ecm-diag.com\/index.php\/etats-des-lieux\/","title":{"rendered":"Etats des lieux"},"content":{"rendered":"<section class=\"l-section wpb_row height_custom\"><div class=\"l-section-h i-cf\"><div class=\"g-cols vc_row via_grid cols_1 laptops-cols_inherit tablets-cols_inherit mobiles-cols_1 valign_top type_default stacking_default\"><div class=\"wpb_column vc_column_container\"><div class=\"vc_column-inner\"><div class=\"wpb_text_column\"><div class=\"wpb_wrapper\"><h1><strong><span style=\"color: #003366;\"><img loading=\"lazy\" decoding=\"async\" class=\"aligncenter size-full wp-image-7487\" src=\"https:\/\/ecm-diag.com\/wp-content\/uploads\/2026\/01\/etats-des-lieux-pontault-combault-ecmdiag.png\" alt=\"Etats des lieux d'entr\u00e9e et de sortie \u00e0 Pontault-Combault - ECM Diag\" width=\"640\" height=\"427\" srcset=\"https:\/\/ecm-diag.com\/wp-content\/uploads\/2026\/01\/etats-des-lieux-pontault-combault-ecmdiag.png 640w, https:\/\/ecm-diag.com\/wp-content\/uploads\/2026\/01\/etats-des-lieux-pontault-combault-ecmdiag-300x200.png 300w, https:\/\/ecm-diag.com\/wp-content\/uploads\/2026\/01\/etats-des-lieux-pontault-combault-ecmdiag-600x400.png 600w\" sizes=\"auto, (max-width: 640px) 100vw, 640px\" \/>\u00c9tats des lieux \u2013 Pontault-Combault<\/span><\/strong><\/h1>\n<p><span style=\"color: #3366ff;\">\u00c9tats des lieux d\u2019entr\u00e9e et de sortie<\/span><\/p>\n<p>ECM Diag r\u00e9alise les \u00e9tats des lieux d\u2019entr\u00e9e et de sortie pour les logements vides ou meubl\u00e9s \u00e0 Pontault-Combault et dans les communes environnantes.<\/p>\n<p>L\u2019\u00e9tat des lieux est une \u00e9tape essentielle lors d\u2019une location. Il permet de constater de mani\u00e8re objective et d\u00e9taill\u00e9e l\u2019\u00e9tat du logement et de ses \u00e9quipements, aussi bien \u00e0 l\u2019entr\u00e9e qu\u2019\u00e0 la sortie du locataire. Ce document constitue une r\u00e9f\u00e9rence indispensable en cas de d\u00e9saccord entre les parties.<\/p>\n<p>&nbsp;<\/p>\n<p>Des \u00e9tats des lieux rigoureux et impartiaux<\/p>\n<p>Les \u00e9tats des lieux sont r\u00e9alis\u00e9s avec s\u00e9rieux, neutralit\u00e9 et professionnalisme, dans le respect de la r\u00e9glementation en vigueur.<\/p>\n<p><span style=\"color: #3366ff;\">Chaque intervention comprend :<\/span><br \/>\n\u2022 La visite compl\u00e8te du logement<br \/>\n\u2022 La description pr\u00e9cise de chaque pi\u00e8ce et des \u00e9quipements<br \/>\n\u2022 La prise de photographies pour illustrer les constatations<br \/>\n\u2022 Un rapport clair et d\u00e9taill\u00e9, \u00e9tabli sur support num\u00e9rique<br \/>\n\u2022 Une transmission rapide du document apr\u00e8s l\u2019intervention<\/p>\n<p>Cette m\u00e9thode permet de s\u00e9curiser la location et de limiter les risques de litiges.<\/p>\n<p>\u2e3b<\/p>\n<p><span style=\"color: #3366ff;\">Pour qui r\u00e9alisons nous les \u00e9tats des lieux ?<\/span><\/p>\n<p>Nous intervenons pour :<br \/>\n\u2022 Propri\u00e9taires bailleurs<br \/>\n\u2022 Locataires<br \/>\n\u2022 Agences immobili\u00e8res<br \/>\n\u2022 Administrateurs de biens<\/p>\n<p>\u2e3b<\/p>\n<p><span style=\"color: #3366ff;\">Secteur d\u2019intervention<\/span><\/p>\n<p>Bas\u00e9e \u00e0 Pontault-Combault, ECM Diag intervient sur Pontault-Combault et les communes voisines en Seine-et-Marne (77).<\/p>\n<p>\u2e3b<\/p>\n<p><span style=\"color: #3366ff;\">Besoin d\u2019un \u00e9tat des lieux ?<\/span><\/p>\n<p>\ud83d\udcde Contactez ECM Diag pour obtenir un devis personnalis\u00e9 ou planifier une intervention rapide.<\/p>\n<\/div><\/div><\/div><\/div><\/div><\/div><\/section>\n","protected":false},"excerpt":{"rendered":"\u00c9tats des lieux \u2013 Pontault-Combault \u00c9tats des lieux d\u2019entr\u00e9e et de sortie ECM Diag r\u00e9alise les \u00e9tats des lieux d\u2019entr\u00e9e et de sortie pour les logements vides ou meubl\u00e9s \u00e0 Pontault-Combault et dans les communes environnantes. L\u2019\u00e9tat des lieux est une \u00e9tape essentielle lors d\u2019une location. Il permet de constater de mani\u00e8re objective et d\u00e9taill\u00e9e...","protected":false},"author":1,"featured_media":7487,"parent":0,"menu_order":0,"comment_status":"closed","ping_status":"closed","template":"","meta":{"footnotes":""},"class_list":["post-7484","page","type-page","status-publish","has-post-thumbnail","hentry"],"acf":[],"yoast_head":"<!-- This site is optimized with the Yoast SEO plugin v26.4 - https:\/\/yoast.com\/wordpress\/plugins\/seo\/ -->\n<title>Etats des lieux - ECM DIAG<\/title>\n<meta name=\"description\" content=\"Besoin d&#039;un \u00e9tat des lieux d&#039;entr\u00e9e ou de sortie? ECM Diag r\u00e9alise vos \u00e9tats des lieux \u00e0 Pontault-Combault, mais aussi dans le 77, 94 et 93.\" \/>\n<meta name=\"robots\" content=\"index, follow, max-snippet:-1, max-image-preview:large, max-video-preview:-1\" \/>\n<link rel=\"canonical\" href=\"https:\/\/ecm-diag.com\/index.php\/etats-des-lieux\/\" \/>\n<meta property=\"og:locale\" content=\"fr_FR\" \/>\n<meta property=\"og:type\" content=\"article\" \/>\n<meta property=\"og:title\" content=\"Etats des lieux - ECM DIAG\" \/>\n<meta property=\"og:description\" content=\"Besoin d&#039;un \u00e9tat des lieux d&#039;entr\u00e9e ou de sortie? ECM Diag r\u00e9alise vos \u00e9tats des lieux \u00e0 Pontault-Combault, mais aussi dans le 77, 94 et 93.\" \/>\n<meta property=\"og:url\" content=\"https:\/\/ecm-diag.com\/index.php\/etats-des-lieux\/\" \/>\n<meta property=\"og:site_name\" content=\"ECM DIAG\" \/>\n<meta property=\"article:modified_time\" content=\"2026-01-22T07:36:17+00:00\" \/>\n<meta property=\"og:image\" content=\"https:\/\/ecm-diag.com\/wp-content\/uploads\/2026\/01\/etats-des-lieux-pontault-combault-ecmdiag.png\" \/>\n\t<meta property=\"og:image:width\" content=\"640\" \/>\n\t<meta property=\"og:image:height\" content=\"427\" \/>\n\t<meta property=\"og:image:type\" content=\"image\/png\" \/>\n<meta name=\"twitter:card\" content=\"summary_large_image\" \/>\n<meta name=\"twitter:label1\" content=\"Dur\u00e9e de lecture estim\u00e9e\" \/>\n\t<meta name=\"twitter:data1\" content=\"2 minutes\" \/>\n<script type=\"application\/ld+json\" class=\"yoast-schema-graph\">{\"@context\":\"https:\/\/schema.org\",\"@graph\":[{\"@type\":\"WebPage\",\"@id\":\"https:\/\/ecm-diag.com\/index.php\/etats-des-lieux\/\",\"url\":\"https:\/\/ecm-diag.com\/index.php\/etats-des-lieux\/\",\"name\":\"Etats des lieux - ECM DIAG\",\"isPartOf\":{\"@id\":\"https:\/\/ecm-diag.com\/#website\"},\"primaryImageOfPage\":{\"@id\":\"https:\/\/ecm-diag.com\/index.php\/etats-des-lieux\/#primaryimage\"},\"image\":{\"@id\":\"https:\/\/ecm-diag.com\/index.php\/etats-des-lieux\/#primaryimage\"},\"thumbnailUrl\":\"https:\/\/ecm-diag.com\/wp-content\/uploads\/2026\/01\/etats-des-lieux-pontault-combault-ecmdiag.png\",\"datePublished\":\"2026-01-15T09:51:19+00:00\",\"dateModified\":\"2026-01-22T07:36:17+00:00\",\"description\":\"Besoin d'un \u00e9tat des lieux d'entr\u00e9e ou de sortie? ECM Diag r\u00e9alise vos \u00e9tats des lieux \u00e0 Pontault-Combault, mais aussi dans le 77, 94 et 93.\",\"breadcrumb\":{\"@id\":\"https:\/\/ecm-diag.com\/index.php\/etats-des-lieux\/#breadcrumb\"},\"inLanguage\":\"fr-FR\",\"potentialAction\":[{\"@type\":\"ReadAction\",\"target\":[\"https:\/\/ecm-diag.com\/index.php\/etats-des-lieux\/\"]}]},{\"@type\":\"ImageObject\",\"inLanguage\":\"fr-FR\",\"@id\":\"https:\/\/ecm-diag.com\/index.php\/etats-des-lieux\/#primaryimage\",\"url\":\"https:\/\/ecm-diag.com\/wp-content\/uploads\/2026\/01\/etats-des-lieux-pontault-combault-ecmdiag.png\",\"contentUrl\":\"https:\/\/ecm-diag.com\/wp-content\/uploads\/2026\/01\/etats-des-lieux-pontault-combault-ecmdiag.png\",\"width\":640,\"height\":427,\"caption\":\"Etats des lieux d'entr\u00e9e et de sortie \u00e0 Pontault-Combault - ECM Diag\"},{\"@type\":\"BreadcrumbList\",\"@id\":\"https:\/\/ecm-diag.com\/index.php\/etats-des-lieux\/#breadcrumb\",\"itemListElement\":[{\"@type\":\"ListItem\",\"position\":1,\"name\":\"Accueil\",\"item\":\"https:\/\/ecm-diag.com\/\"},{\"@type\":\"ListItem\",\"position\":2,\"name\":\"Etats des lieux\"}]},{\"@type\":\"WebSite\",\"@id\":\"https:\/\/ecm-diag.com\/#website\",\"url\":\"https:\/\/ecm-diag.com\/\",\"name\":\"ECM DIAG\",\"description\":\"Diagnostics Immobiliers Marne la Vall\u00e9e\",\"potentialAction\":[{\"@type\":\"SearchAction\",\"target\":{\"@type\":\"EntryPoint\",\"urlTemplate\":\"https:\/\/ecm-diag.com\/?s={search_term_string}\"},\"query-input\":{\"@type\":\"PropertyValueSpecification\",\"valueRequired\":true,\"valueName\":\"search_term_string\"}}],\"inLanguage\":\"fr-FR\"}]}<\/script>\n<!-- \/ Yoast SEO plugin. -->","yoast_head_json":{"title":"Etats des lieux - ECM DIAG","description":"Besoin d'un \u00e9tat des lieux d'entr\u00e9e ou de sortie? ECM Diag r\u00e9alise vos \u00e9tats des lieux \u00e0 Pontault-Combault, mais aussi dans le 77, 94 et 93.","robots":{"index":"index","follow":"follow","max-snippet":"max-snippet:-1","max-image-preview":"max-image-preview:large","max-video-preview":"max-video-preview:-1"},"canonical":"https:\/\/ecm-diag.com\/index.php\/etats-des-lieux\/","og_locale":"fr_FR","og_type":"article","og_title":"Etats des lieux - ECM DIAG","og_description":"Besoin d'un \u00e9tat des lieux d'entr\u00e9e ou de sortie? ECM Diag r\u00e9alise vos \u00e9tats des lieux \u00e0 Pontault-Combault, mais aussi dans le 77, 94 et 93.","og_url":"https:\/\/ecm-diag.com\/index.php\/etats-des-lieux\/","og_site_name":"ECM DIAG","article_modified_time":"2026-01-22T07:36:17+00:00","og_image":[{"width":640,"height":427,"url":"https:\/\/ecm-diag.com\/wp-content\/uploads\/2026\/01\/etats-des-lieux-pontault-combault-ecmdiag.png","type":"image\/png"}],"twitter_card":"summary_large_image","twitter_misc":{"Dur\u00e9e de lecture estim\u00e9e":"2 minutes"},"schema":{"@context":"https:\/\/schema.org","@graph":[{"@type":"WebPage","@id":"https:\/\/ecm-diag.com\/index.php\/etats-des-lieux\/","url":"https:\/\/ecm-diag.com\/index.php\/etats-des-lieux\/","name":"Etats des lieux - ECM DIAG","isPartOf":{"@id":"https:\/\/ecm-diag.com\/#website"},"primaryImageOfPage":{"@id":"https:\/\/ecm-diag.com\/index.php\/etats-des-lieux\/#primaryimage"},"image":{"@id":"https:\/\/ecm-diag.com\/index.php\/etats-des-lieux\/#primaryimage"},"thumbnailUrl":"https:\/\/ecm-diag.com\/wp-content\/uploads\/2026\/01\/etats-des-lieux-pontault-combault-ecmdiag.png","datePublished":"2026-01-15T09:51:19+00:00","dateModified":"2026-01-22T07:36:17+00:00","description":"Besoin d'un \u00e9tat des lieux d'entr\u00e9e ou de sortie? ECM Diag r\u00e9alise vos \u00e9tats des lieux \u00e0 Pontault-Combault, mais aussi dans le 77, 94 et 93.","breadcrumb":{"@id":"https:\/\/ecm-diag.com\/index.php\/etats-des-lieux\/#breadcrumb"},"inLanguage":"fr-FR","potentialAction":[{"@type":"ReadAction","target":["https:\/\/ecm-diag.com\/index.php\/etats-des-lieux\/"]}]},{"@type":"ImageObject","inLanguage":"fr-FR","@id":"https:\/\/ecm-diag.com\/index.php\/etats-des-lieux\/#primaryimage","url":"https:\/\/ecm-diag.com\/wp-content\/uploads\/2026\/01\/etats-des-lieux-pontault-combault-ecmdiag.png","contentUrl":"https:\/\/ecm-diag.com\/wp-content\/uploads\/2026\/01\/etats-des-lieux-pontault-combault-ecmdiag.png","width":640,"height":427,"caption":"Etats des lieux d'entr\u00e9e et de sortie \u00e0 Pontault-Combault - ECM Diag"},{"@type":"BreadcrumbList","@id":"https:\/\/ecm-diag.com\/index.php\/etats-des-lieux\/#breadcrumb","itemListElement":[{"@type":"ListItem","position":1,"name":"Accueil","item":"https:\/\/ecm-diag.com\/"},{"@type":"ListItem","position":2,"name":"Etats des lieux"}]},{"@type":"WebSite","@id":"https:\/\/ecm-diag.com\/#website","url":"https:\/\/ecm-diag.com\/","name":"ECM DIAG","description":"Diagnostics Immobiliers Marne la Vall\u00e9e","potentialAction":[{"@type":"SearchAction","target":{"@type":"EntryPoint","urlTemplate":"https:\/\/ecm-diag.com\/?s={search_term_string}"},"query-input":{"@type":"PropertyValueSpecification","valueRequired":true,"valueName":"search_term_string"}}],"inLanguage":"fr-FR"}]}},"jetpack_sharing_enabled":true,"_links":{"self":[{"href":"https:\/\/ecm-diag.com\/index.php\/wp-json\/wp\/v2\/pages\/7484","targetHints":{"allow":["GET"]}}],"collection":[{"href":"https:\/\/ecm-diag.com\/index.php\/wp-json\/wp\/v2\/pages"}],"about":[{"href":"https:\/\/ecm-diag.com\/index.php\/wp-json\/wp\/v2\/types\/page"}],"author":[{"embeddable":true,"href":"https:\/\/ecm-diag.com\/index.php\/wp-json\/wp\/v2\/users\/1"}],"replies":[{"embeddable":true,"href":"https:\/\/ecm-diag.com\/index.php\/wp-json\/wp\/v2\/comments?post=7484"}],"version-history":[{"count":6,"href":"https:\/\/ecm-diag.com\/index.php\/wp-json\/wp\/v2\/pages\/7484\/revisions"}],"predecessor-version":[{"id":7511,"href":"https:\/\/ecm-diag.com\/index.php\/wp-json\/wp\/v2\/pages\/7484\/revisions\/7511"}],"wp:featuredmedia":[{"embeddable":true,"href":"https:\/\/ecm-diag.com\/index.php\/wp-json\/wp\/v2\/media\/7487"}],"wp:attachment":[{"href":"https:\/\/ecm-diag.com\/index.php\/wp-json\/wp\/v2\/media?parent=7484"}],"curies":[{"name":"wp","href":"https:\/\/api.w.org\/{rel}","templated":true}]}}